{"id":33727,"date":"2024-11-04T16:04:11","date_gmt":"2024-11-04T16:04:11","guid":{"rendered":"https:\/\/businessmama-academy.com\/?page_id=33727"},"modified":"2024-11-15T21:05:30","modified_gmt":"2024-11-15T21:05:30","slug":"inner-circle-2024-november","status":"publish","type":"page","link":"https:\/\/businessmama-academy.com\/de\/inner-circle-2024-november\/","title":{"rendered":"Inner Circle 2024 November"},"content":{"rendered":"<div data-elementor-type=\"wp-page\" data-elementor-id=\"33727\" class=\"elementor elementor-33727\">\n\t\t\t\t\t\t<section class=\"elementor-section elementor-top-section elementor-element elementor-element-e0b5cf6 elementor-section-full_width elementor-section-height-default elementor-section-height-default\" data-id=\"e0b5cf6\" data-element_type=\"section\" data-settings=\"{&quot;jet_parallax_layout_list&quot;:[]}\">\n\t\t\t\t\t\t<div class=\"elementor-container elementor-column-gap-default\">\n\t\t\t\t\t<div class=\"elementor-column elementor-col-100 elementor-top-column elementor-element elementor-element-643ec06\" data-id=\"643ec06\" data-element_type=\"column\" data-settings=\"{&quot;background_background&quot;:&quot;classic&quot;}\">\n\t\t\t<div class=\"elementor-widget-wrap elementor-element-populated\">\n\t\t\t\t\t<div class=\"elementor-background-overlay\"><\/div>\n\t\t\t\t\t\t<div class=\"elementor-element elementor-element-fd62728 gistesycls elementor-widget elementor-widget-heading\" data-id=\"fd62728\" data-element_type=\"widget\" data-widget_type=\"heading.default\">\n\t\t\t\t<div class=\"elementor-widget-container\">\n\t\t\t<h2 class=\"elementor-heading-title elementor-size-default\">Dein Inner Circle <br>im November<\/h2>\t\t<\/div>\n\t\t\t\t<\/div>\n\t\t\t\t<div class=\"elementor-element elementor-element-e786672 elementor-widget elementor-widget-heading\" data-id=\"e786672\" data-element_type=\"widget\" data-widget_type=\"heading.default\">\n\t\t\t\t<div class=\"elementor-widget-container\">\n\t\t\t<h5 class=\"elementor-heading-title elementor-size-default\">wir brauchen eine Neudefinition von Erfolg!<\/h5>\t\t<\/div>\n\t\t\t\t<\/div>\n\t\t\t\t\t<\/div>\n\t\t<\/div>\n\t\t\t\t\t<\/div>\n\t\t<\/section>\n\t\t\t\t<section class=\"elementor-section elementor-top-section elementor-element elementor-element-4de6eee5 elementor-section-boxed elementor-section-height-default elementor-section-height-default\" data-id=\"4de6eee5\" data-element_type=\"section\" data-settings=\"{&quot;jet_parallax_layout_list&quot;:[]}\">\n\t\t\t\t\t\t<div class=\"elementor-container elementor-column-gap-default\">\n\t\t\t\t\t<div class=\"elementor-column elementor-col-100 elementor-top-column elementor-element elementor-element-2364d234\" data-id=\"2364d234\" data-element_type=\"column\">\n\t\t\t<div class=\"elementor-widget-wrap elementor-element-populated\">\n\t\t\t\t\t\t<div class=\"elementor-element elementor-element-37e6849 elementor-widget elementor-widget-spacer\" data-id=\"37e6849\" data-element_type=\"widget\" data-widget_type=\"spacer.default\">\n\t\t\t\t<div class=\"elementor-widget-container\">\n\t\t\t\t\t<div class=\"elementor-spacer\">\n\t\t\t<div class=\"elementor-spacer-inner\"><\/div>\n\t\t<\/div>\n\t\t\t\t<\/div>\n\t\t\t\t<\/div>\n\t\t\t\t<div class=\"elementor-element elementor-element-fd45afe gistesycls gistesyclssize elementor-widget elementor-widget-heading\" data-id=\"fd45afe\" data-element_type=\"widget\" data-widget_type=\"heading.default\">\n\t\t\t\t<div class=\"elementor-widget-container\">\n\t\t\t<h2 class=\"elementor-heading-title elementor-size-default\">Willkommen im November!<\/h2>\t\t<\/div>\n\t\t\t\t<\/div>\n\t\t\t\t\t<\/div>\n\t\t<\/div>\n\t\t\t\t\t<\/div>\n\t\t<\/section>\n\t\t\t\t<section class=\"elementor-section elementor-top-section elementor-element elementor-element-14e0f89 elementor-section-boxed elementor-section-height-default elementor-section-height-default\" data-id=\"14e0f89\" data-element_type=\"section\" data-settings=\"{&quot;jet_parallax_layout_list&quot;:[]}\">\n\t\t\t\t\t\t<div class=\"elementor-container elementor-column-gap-default\">\n\t\t\t\t\t<div class=\"elementor-column elementor-col-100 elementor-top-column elementor-element elementor-element-51f7aab\" data-id=\"51f7aab\" data-element_type=\"column\">\n\t\t\t<div class=\"elementor-widget-wrap elementor-element-populated\">\n\t\t\t\t\t\t<div class=\"elementor-element elementor-element-1e4860e elementor-widget elementor-widget-text-editor\" data-id=\"1e4860e\" data-element_type=\"widget\" data-widget_type=\"text-editor.default\">\n\t\t\t\t<div class=\"elementor-widget-container\">\n\t\t\t\t\t\t\t<p>Das Wort Erfolg ist in aller Munde &#8211; insbesondere nat\u00fcrlich im Businesskontext.\u00a0<\/p><p>Bin ich erfolgreich? Fragst du dich vielleicht &#8211; oder Wann bin ich erfolgreich? Hast du \u00fcberhaupt eine pers\u00f6nliche Definition von Erfolg? Denn oft haben wir f\u00fcr uns pers\u00f6nlich noch nie \u00fcberlegt, woran wir Erfolg f\u00fcr uns eigentlich festmachen.<\/p><p>\u00a0<\/p><p>Ich habe f\u00fcr mich \u00fcber die letzten Jahre, Monate und auch Wochen festgestellt, dass Erfolg eben kein lineares Konzept von &#8220;h\u00f6her-schneller-weiter&#8221; ist. Denn die klassische Vorstellung von Erfolg gibt vor, dass Dieser immer im Zusammenhang mit etwas Meistern oder finanziellem Output zu tun hat. Das ist aber viel zu kurz gegriffen: Oder w\u00fcrdest du es als Erfolg bezeichnen, wenn jemand zwar au\u00dferordentlich erfolgreich in einer Sache ist, dabei aber zum Beispiel seine Gesundheit zugrunde richtet oder schlimmer noch todungl\u00fccklich ist? Mit Sicherheit nicht!<\/p><p>\u00a0<\/p><p>F\u00fcr mich ist Erfolg vielmehr die Erlaubnis an mich selbst, mich in unterschiedlichen Bereichen auszuleben und meinen eigenen Weg zu gehen unabh\u00e4ngig von der Meinung Anderer oder gesellschaftlicher Normen. Ich bin \u00fcberzeugt davon dass ir alle hier ins Leben gekommen sind um Erfahrungen zu sammeln, zu lernen und zu wachsen. Dieses innere Wachstum k\u00f6nnen wir nur erreichen indem wir uns selbst und unsere Pl\u00e4ne, Tr\u00e4ume und Visionen ausleben und verwirklichen. Das f\u00fchrt zu innerer Erf\u00fcllung und einem gl\u00fccklichen Leben. Und das ist f\u00fcr mich der ultimative Erfolg, mir das zu g\u00f6nnen mich immer wieder auf unterschiedlichen ebenen &#8211; auch im Business &#8211; auszuleben und zu verwirklichen.<\/p><p>\u00a0<\/p><p>Dabei steht aber die Erlaubnis und das Ausprobieren, also die eigene Entswicklung im Vordergrund und nicht das au\u00dfen sichtbare Erebnis. Wenn ich nach einer Weile merke &#8220;Ach nee, das ist doch nichts f\u00fcr mich!&#8221; dann ist das kein Misserfolg sondern ein Learning und eine Weiterentwicklung.<\/p><p>\u00a0<\/p><p>Lasst uns also gemeinsam diesen Monat das alte, starre Konzept von erfolg rausnehmen und durch eine sanftere, menschlichere Alternative ersetzen. Finde gemeinsam mit uns heraus, was Erfolg f\u00fcr dich pers\u00f6nlich bedeutet!<\/p>\t\t\t\t\t\t<\/div>\n\t\t\t\t<\/div>\n\t\t\t\t<div class=\"elementor-element elementor-element-4a0ac4e gistesycls gistesyclssize elementor-widget elementor-widget-heading\" data-id=\"4a0ac4e\" data-element_type=\"widget\" data-widget_type=\"heading.default\">\n\t\t\t\t<div class=\"elementor-widget-container\">\n\t\t\t<h2 class=\"elementor-heading-title elementor-size-default\">Viel Spa\u00df, Deine Rosa!<\/h2>\t\t<\/div>\n\t\t\t\t<\/div>\n\t\t\t\t<div class=\"elementor-element elementor-element-fc2014d elementor-widget elementor-widget-spacer\" data-id=\"fc2014d\" data-element_type=\"widget\" data-widget_type=\"spacer.default\">\n\t\t\t\t<div class=\"elementor-widget-container\">\n\t\t\t\t\t<div class=\"elementor-spacer\">\n\t\t\t<div class=\"elementor-spacer-inner\"><\/div>\n\t\t<\/div>\n\t\t\t\t<\/div>\n\t\t\t\t<\/div>\n\t\t\t\t\t<\/div>\n\t\t<\/div>\n\t\t\t\t\t<\/div>\n\t\t<\/section>\n\t\t\t\t<section class=\"elementor-section elementor-top-section elementor-element elementor-element-dae9f53 elementor-section-boxed elementor-section-height-default elementor-section-height-default\" data-id=\"dae9f53\" data-element_type=\"section\" data-settings=\"{&quot;jet_parallax_layout_list&quot;:[]}\">\n\t\t\t\t\t\t<div class=\"elementor-container elementor-column-gap-default\">\n\t\t\t\t\t<div class=\"elementor-column elementor-col-100 elementor-top-column elementor-element elementor-element-4666d1f\" data-id=\"4666d1f\" data-element_type=\"column\">\n\t\t\t<div class=\"elementor-widget-wrap elementor-element-populated\">\n\t\t\t\t\t\t<div class=\"elementor-element elementor-element-269870d elementor-widget elementor-widget-heading\" data-id=\"269870d\" data-element_type=\"widget\" data-widget_type=\"heading.default\">\n\t\t\t\t<div class=\"elementor-widget-container\">\n\t\t\t<h4 class=\"elementor-heading-title elementor-size-default\">Neumond Content Livecall <\/h4>\t\t<\/div>\n\t\t\t\t<\/div>\n\t\t\t\t<div class=\"elementor-element elementor-element-f200b93 elementor-widget__width-initial elementor-widget elementor-widget-video\" data-id=\"f200b93\" data-element_type=\"widget\" data-settings=\"{&quot;video_type&quot;:&quot;vimeo&quot;}\" data-widget_type=\"video.default\">\n\t\t\t\t<div class=\"elementor-widget-container\">\n\t\t\t\t\t<div class=\"elementor-wrapper elementor-open-inline\">\n\t\t\t<iframe hcb-fetch-image-from=\"https:\/\/vimeo.com\/1026183345?share=copy\" class=\"elementor-video-iframe\" allowfullscreen allow=\"clipboard-write\" title=\"vimeo Video Player\" src=\"https:\/\/player.vimeo.com\/video\/1026183345?color&amp;autopause=0&amp;loop=0&amp;muted=0&amp;title=1&amp;portrait=1&amp;byline=1#t=\"><\/iframe>\t\t<\/div>\n\t\t\t\t<\/div>\n\t\t\t\t<\/div>\n\t\t\t\t<div class=\"elementor-element elementor-element-6e4d5fd elementor-widget elementor-widget-spacer\" data-id=\"6e4d5fd\" data-element_type=\"widget\" data-widget_type=\"spacer.default\">\n\t\t\t\t<div class=\"elementor-widget-container\">\n\t\t\t\t\t<div class=\"elementor-spacer\">\n\t\t\t<div class=\"elementor-spacer-inner\"><\/div>\n\t\t<\/div>\n\t\t\t\t<\/div>\n\t\t\t\t<\/div>\n\t\t\t\t<div class=\"elementor-element elementor-element-4fda68c elementor-align-center elementor-widget elementor-widget-button\" data-id=\"4fda68c\" data-element_type=\"widget\" data-widget_type=\"button.default\">\n\t\t\t\t<div class=\"elementor-widget-container\">\n\t\t\t\t\t<div class=\"elementor-button-wrapper\">\n\t\t\t<a class=\"elementor-button elementor-button-link elementor-size-sm\" href=\"https:\/\/www.facebook.com\/groups\/membershipinnercircle\/posts\/876433504577499\/\">\n\t\t\t\t\t\t<span class=\"elementor-button-content-wrapper\">\n\t\t\t\t\t\t\t\t\t<span class=\"elementor-button-text\">Mein Feedback in der Facebook-Gruppe geben<\/span>\n\t\t\t\t\t<\/span>\n\t\t\t\t\t<\/a>\n\t\t<\/div>\n\t\t\t\t<\/div>\n\t\t\t\t<\/div>\n\t\t\t\t<div class=\"elementor-element elementor-element-a6389a3 elementor-align-center elementor-widget elementor-widget-button\" data-id=\"a6389a3\" data-element_type=\"widget\" data-widget_type=\"button.default\">\n\t\t\t\t<div class=\"elementor-widget-container\">\n\t\t\t\t\t<div class=\"elementor-button-wrapper\">\n\t\t\t<a class=\"elementor-button elementor-button-link elementor-size-sm\" href=\"https:\/\/businessmama-academy.com\/wp-content\/uploads\/2024\/11\/Workbook-Inner-Circle-November.pdf\">\n\t\t\t\t\t\t<span class=\"elementor-button-content-wrapper\">\n\t\t\t\t\t\t\t\t\t<span class=\"elementor-button-text\">Mein Workbook f\u00fcr meine Neudefinition von Erfolg<\/span>\n\t\t\t\t\t<\/span>\n\t\t\t\t\t<\/a>\n\t\t<\/div>\n\t\t\t\t<\/div>\n\t\t\t\t<\/div>\n\t\t\t\t<div class=\"elementor-element elementor-element-6593b46 elementor-widget elementor-widget-spacer\" data-id=\"6593b46\" data-element_type=\"widget\" data-widget_type=\"spacer.default\">\n\t\t\t\t<div class=\"elementor-widget-container\">\n\t\t\t\t\t<div class=\"elementor-spacer\">\n\t\t\t<div class=\"elementor-spacer-inner\"><\/div>\n\t\t<\/div>\n\t\t\t\t<\/div>\n\t\t\t\t<\/div>\n\t\t\t\t<div class=\"elementor-element elementor-element-8ac78d0 elementor-widget elementor-widget-heading\" data-id=\"8ac78d0\" data-element_type=\"widget\" data-widget_type=\"heading.default\">\n\t\t\t\t<div class=\"elementor-widget-container\">\n\t\t\t<h4 class=\"elementor-heading-title elementor-size-default\">Vollmond Energy Livecall <\/h4>\t\t<\/div>\n\t\t\t\t<\/div>\n\t\t\t\t<div class=\"elementor-element elementor-element-48c31af elementor-widget__width-initial elementor-widget elementor-widget-video\" data-id=\"48c31af\" data-element_type=\"widget\" data-settings=\"{&quot;video_type&quot;:&quot;vimeo&quot;}\" data-widget_type=\"video.default\">\n\t\t\t\t<div class=\"elementor-widget-container\">\n\t\t\t\t\t<div class=\"elementor-wrapper elementor-open-inline\">\n\t\t\t<iframe hcb-fetch-image-from=\"https:\/\/vimeo.com\/1030164494?share=copy\" class=\"elementor-video-iframe\" allowfullscreen allow=\"clipboard-write\" title=\"vimeo Video Player\" src=\"https:\/\/player.vimeo.com\/video\/1030164494?color&amp;autopause=0&amp;loop=0&amp;muted=0&amp;title=1&amp;portrait=1&amp;byline=1#t=\"><\/iframe>\t\t<\/div>\n\t\t\t\t<\/div>\n\t\t\t\t<\/div>\n\t\t\t\t<div class=\"elementor-element elementor-element-4275d7b elementor-widget elementor-widget-spacer\" data-id=\"4275d7b\" data-element_type=\"widget\" data-widget_type=\"spacer.default\">\n\t\t\t\t<div class=\"elementor-widget-container\">\n\t\t\t\t\t<div class=\"elementor-spacer\">\n\t\t\t<div class=\"elementor-spacer-inner\"><\/div>\n\t\t<\/div>\n\t\t\t\t<\/div>\n\t\t\t\t<\/div>\n\t\t\t\t<div class=\"elementor-element elementor-element-2b328c8 elementor-align-center elementor-widget elementor-widget-button\" data-id=\"2b328c8\" data-element_type=\"widget\" data-widget_type=\"button.default\">\n\t\t\t\t<div class=\"elementor-widget-container\">\n\t\t\t\t\t<div class=\"elementor-button-wrapper\">\n\t\t\t<a class=\"elementor-button elementor-button-link elementor-size-sm\" href=\"https:\/\/www.facebook.com\/groups\/membershipinnercircle\/posts\/was-hast-du-aus-dem-energycall-mitgenommen-aus-dem-feld-der-unendlichen-m%C3%B6glichk\/883987183822131\">\n\t\t\t\t\t\t<span class=\"elementor-button-content-wrapper\">\n\t\t\t\t\t\t\t\t\t<span class=\"elementor-button-text\">Mein Feedback in der Facebook-Gruppe geben<\/span>\n\t\t\t\t\t<\/span>\n\t\t\t\t\t<\/a>\n\t\t<\/div>\n\t\t\t\t<\/div>\n\t\t\t\t<\/div>\n\t\t\t\t<div class=\"elementor-element elementor-element-c0efe6f elementor-widget elementor-widget-spacer\" data-id=\"c0efe6f\" data-element_type=\"widget\" data-widget_type=\"spacer.default\">\n\t\t\t\t<div class=\"elementor-widget-container\">\n\t\t\t\t\t<div class=\"elementor-spacer\">\n\t\t\t<div class=\"elementor-spacer-inner\"><\/div>\n\t\t<\/div>\n\t\t\t\t<\/div>\n\t\t\t\t<\/div>\n\t\t\t\t<div class=\"elementor-element elementor-element-434a5f7 elementor-widget elementor-widget-heading\" data-id=\"434a5f7\" data-element_type=\"widget\" data-widget_type=\"heading.default\">\n\t\t\t\t<div class=\"elementor-widget-container\">\n\t\t\t<h4 class=\"elementor-heading-title elementor-size-default\">Impulse der Woche<\/h4>\t\t<\/div>\n\t\t\t\t<\/div>\n\t\t\t\t<div class=\"elementor-element elementor-element-036404a elementor-widget elementor-widget-spacer\" data-id=\"036404a\" data-element_type=\"widget\" data-widget_type=\"spacer.default\">\n\t\t\t\t<div class=\"elementor-widget-container\">\n\t\t\t\t\t<div class=\"elementor-spacer\">\n\t\t\t<div class=\"elementor-spacer-inner\"><\/div>\n\t\t<\/div>\n\t\t\t\t<\/div>\n\t\t\t\t<\/div>\n\t\t\t\t\t<\/div>\n\t\t<\/div>\n\t\t\t\t\t<\/div>\n\t\t<\/section>\n\t\t\t\t<\/div>","protected":false},"excerpt":{"rendered":"<p>Dein Inner Circle im November wir brauchen eine Neudefinition von Erfolg! Willkommen im November! Das Wort Erfolg ist in aller Munde &#8211; insbesondere nat\u00fcrlich im Businesskontext.\u00a0 Bin ich erfolgreich? Fragst du dich vielleicht &#8211; oder Wann bin ich erfolgreich? Hast du \u00fcberhaupt eine pers\u00f6nliche Definition von Erfolg? Denn oft haben wir f\u00fcr uns pers\u00f6nlich noch [&hellip;]<\/p>","protected":false},"author":1,"featured_media":0,"parent":0,"menu_order":0,"comment_status":"closed","ping_status":"closed","template":"elementor_header_footer","meta":{"footnotes":""},"class_list":["post-33727","page","type-page","status-publish","hentry"],"_links":{"self":[{"href":"https:\/\/businessmama-academy.com\/de\/wp-json\/wp\/v2\/pages\/33727","targetHints":{"allow":["GET"]}}],"collection":[{"href":"https:\/\/businessmama-academy.com\/de\/wp-json\/wp\/v2\/pages"}],"about":[{"href":"https:\/\/businessmama-academy.com\/de\/wp-json\/wp\/v2\/types\/page"}],"author":[{"embeddable":true,"href":"https:\/\/businessmama-academy.com\/de\/wp-json\/wp\/v2\/users\/1"}],"replies":[{"embeddable":true,"href":"https:\/\/businessmama-academy.com\/de\/wp-json\/wp\/v2\/comments?post=33727"}],"version-history":[{"count":10,"href":"https:\/\/businessmama-academy.com\/de\/wp-json\/wp\/v2\/pages\/33727\/revisions"}],"predecessor-version":[{"id":33756,"href":"https:\/\/businessmama-academy.com\/de\/wp-json\/wp\/v2\/pages\/33727\/revisions\/33756"}],"wp:attachment":[{"href":"https:\/\/businessmama-academy.com\/de\/wp-json\/wp\/v2\/media?parent=33727"}],"curies":[{"name":"wp","href":"https:\/\/api.w.org\/{rel}","templated":true}]}}