{"id":33647,"date":"2024-10-02T19:42:40","date_gmt":"2024-10-02T19:42:40","guid":{"rendered":"https:\/\/businessmama-academy.com\/?page_id=33647"},"modified":"2024-10-18T17:34:36","modified_gmt":"2024-10-18T17:34:36","slug":"inner-circle-2024-oktober","status":"publish","type":"page","link":"https:\/\/businessmama-academy.com\/de\/inner-circle-2024-oktober\/","title":{"rendered":"Inner Circle 2024 Oktober"},"content":{"rendered":"<div data-elementor-type=\"wp-page\" data-elementor-id=\"33647\" class=\"elementor elementor-33647\">\n\t\t\t\t\t\t<section class=\"elementor-section elementor-top-section elementor-element elementor-element-e0b5cf6 elementor-section-full_width elementor-section-height-default elementor-section-height-default\" data-id=\"e0b5cf6\" data-element_type=\"section\" data-settings=\"{&quot;jet_parallax_layout_list&quot;:[]}\">\n\t\t\t\t\t\t<div class=\"elementor-container elementor-column-gap-default\">\n\t\t\t\t\t<div class=\"elementor-column elementor-col-100 elementor-top-column elementor-element elementor-element-643ec06\" data-id=\"643ec06\" data-element_type=\"column\" data-settings=\"{&quot;background_background&quot;:&quot;classic&quot;}\">\n\t\t\t<div class=\"elementor-widget-wrap elementor-element-populated\">\n\t\t\t\t\t<div class=\"elementor-background-overlay\"><\/div>\n\t\t\t\t\t\t<div class=\"elementor-element elementor-element-fd62728 gistesycls elementor-widget elementor-widget-heading\" data-id=\"fd62728\" data-element_type=\"widget\" data-widget_type=\"heading.default\">\n\t\t\t\t<div class=\"elementor-widget-container\">\n\t\t\t<h2 class=\"elementor-heading-title elementor-size-default\">Dein Inner Circle <br>im Oktober<\/h2>\t\t<\/div>\n\t\t\t\t<\/div>\n\t\t\t\t<div class=\"elementor-element elementor-element-e786672 elementor-widget elementor-widget-heading\" data-id=\"e786672\" data-element_type=\"widget\" data-widget_type=\"heading.default\">\n\t\t\t\t<div class=\"elementor-widget-container\">\n\t\t\t<h5 class=\"elementor-heading-title elementor-size-default\">Deine Quartalsplanung<\/h5>\t\t<\/div>\n\t\t\t\t<\/div>\n\t\t\t\t\t<\/div>\n\t\t<\/div>\n\t\t\t\t\t<\/div>\n\t\t<\/section>\n\t\t\t\t<section class=\"elementor-section elementor-top-section elementor-element elementor-element-4de6eee5 elementor-section-boxed elementor-section-height-default elementor-section-height-default\" data-id=\"4de6eee5\" data-element_type=\"section\" data-settings=\"{&quot;jet_parallax_layout_list&quot;:[]}\">\n\t\t\t\t\t\t<div class=\"elementor-container elementor-column-gap-default\">\n\t\t\t\t\t<div class=\"elementor-column elementor-col-100 elementor-top-column elementor-element elementor-element-2364d234\" data-id=\"2364d234\" data-element_type=\"column\">\n\t\t\t<div class=\"elementor-widget-wrap elementor-element-populated\">\n\t\t\t\t\t\t<div class=\"elementor-element elementor-element-37e6849 elementor-widget elementor-widget-spacer\" data-id=\"37e6849\" data-element_type=\"widget\" data-widget_type=\"spacer.default\">\n\t\t\t\t<div class=\"elementor-widget-container\">\n\t\t\t\t\t<div class=\"elementor-spacer\">\n\t\t\t<div class=\"elementor-spacer-inner\"><\/div>\n\t\t<\/div>\n\t\t\t\t<\/div>\n\t\t\t\t<\/div>\n\t\t\t\t<div class=\"elementor-element elementor-element-fd45afe gistesycls gistesyclssize elementor-widget elementor-widget-heading\" data-id=\"fd45afe\" data-element_type=\"widget\" data-widget_type=\"heading.default\">\n\t\t\t\t<div class=\"elementor-widget-container\">\n\t\t\t<h2 class=\"elementor-heading-title elementor-size-default\">Willkommen im Oktober!<\/h2>\t\t<\/div>\n\t\t\t\t<\/div>\n\t\t\t\t\t<\/div>\n\t\t<\/div>\n\t\t\t\t\t<\/div>\n\t\t<\/section>\n\t\t\t\t<section class=\"elementor-section elementor-top-section elementor-element elementor-element-14e0f89 elementor-section-boxed elementor-section-height-default elementor-section-height-default\" data-id=\"14e0f89\" data-element_type=\"section\" data-settings=\"{&quot;jet_parallax_layout_list&quot;:[]}\">\n\t\t\t\t\t\t<div class=\"elementor-container elementor-column-gap-default\">\n\t\t\t\t\t<div class=\"elementor-column elementor-col-100 elementor-top-column elementor-element elementor-element-51f7aab\" data-id=\"51f7aab\" data-element_type=\"column\">\n\t\t\t<div class=\"elementor-widget-wrap elementor-element-populated\">\n\t\t\t\t\t\t<div class=\"elementor-element elementor-element-1e4860e elementor-widget elementor-widget-text-editor\" data-id=\"1e4860e\" data-element_type=\"widget\" data-widget_type=\"text-editor.default\">\n\t\t\t\t<div class=\"elementor-widget-container\">\n\t\t\t\t\t\t\t<p>Der Oktober ist da &#8211; und damit ist auch das letzte Quartal in 2024 angebrochen! Crazy, wie die Zeit vergeht, oder?<\/p><p>Vielleicht bist du schon mit Jahres- und Quartalsplanung vertraut oder machst f\u00fcr dein bestehendes Business oder deinen ANgestelltenjob bereits monatliche Ziele aus.<\/p><p>In der Regel planen wir strategische Langzeitziele f\u00fcr vielleicht 1-5 Jahre, brechen Diese auf Quartalsziele hinunter und unterscheiden Diese wiederum in Monatsziele. Daraus machen wir Wochenziele und schlussendlich Tagesaufgaben.<\/p><p>Das Ding mit dieser Art von strategischer Planung (nothing wrong with it!) ist allerdings, dass sie extrem kopfgesteuert und vom Ego getrieben ist. Was will ich noch erreichen? Wie kann ich das logisch in einzelnen Schritten umsetzen? Dabei arbeitet unser gehirn immer basierend auf unseren Erfahrungswerten und vorstellbaren, realistischen Zielen. Es kann aber nicht um die Ecke denken.<\/p><p>\u00a0<\/p><p>Genau da kommt unser Ansatz hier ins Spiel. Wir werden mit einer spannenden \u00dcbung deiner Welt strategischer Quartalsplanung auf den Kopf stellen und erg\u00e4nzend dazu pr\u00e4sentiere ich dir diesen Monat einen ganz anderen Ansatz: die Verbindung mit deinem zuk\u00fcnftigen Ich, dass deine Ziele schon erreicht hat und dir aus Erfahrung sagen kann wie du wirklich schnellstm\u00f6glich und am Einfachsten an dein anvisiertes Ziel kommst. Und <em>trust me:<\/em> das wird komplett anders sein als du es dir aus dem verstand her erdacht hast. Klingt spannend? Dann lass&#8217; dich \u00fcberraschen was alles an Wissen und Ressourcen bereits in dir steckt und entdecke deinen pers\u00f6nlichen Shortcut zu mehr Erfolg und Zielstrebigkeit!<\/p>\t\t\t\t\t\t<\/div>\n\t\t\t\t<\/div>\n\t\t\t\t<div class=\"elementor-element elementor-element-4a0ac4e gistesycls gistesyclssize elementor-widget elementor-widget-heading\" data-id=\"4a0ac4e\" data-element_type=\"widget\" data-widget_type=\"heading.default\">\n\t\t\t\t<div class=\"elementor-widget-container\">\n\t\t\t<h2 class=\"elementor-heading-title elementor-size-default\">Viel Spa\u00df, Deine Rosa!<\/h2>\t\t<\/div>\n\t\t\t\t<\/div>\n\t\t\t\t<div class=\"elementor-element elementor-element-fc2014d elementor-widget elementor-widget-spacer\" data-id=\"fc2014d\" data-element_type=\"widget\" data-widget_type=\"spacer.default\">\n\t\t\t\t<div class=\"elementor-widget-container\">\n\t\t\t\t\t<div class=\"elementor-spacer\">\n\t\t\t<div class=\"elementor-spacer-inner\"><\/div>\n\t\t<\/div>\n\t\t\t\t<\/div>\n\t\t\t\t<\/div>\n\t\t\t\t\t<\/div>\n\t\t<\/div>\n\t\t\t\t\t<\/div>\n\t\t<\/section>\n\t\t\t\t<section class=\"elementor-section elementor-top-section elementor-element elementor-element-dae9f53 elementor-section-boxed elementor-section-height-default elementor-section-height-default\" data-id=\"dae9f53\" data-element_type=\"section\" data-settings=\"{&quot;jet_parallax_layout_list&quot;:[]}\">\n\t\t\t\t\t\t<div class=\"elementor-container elementor-column-gap-default\">\n\t\t\t\t\t<div class=\"elementor-column elementor-col-100 elementor-top-column elementor-element elementor-element-4666d1f\" data-id=\"4666d1f\" data-element_type=\"column\">\n\t\t\t<div class=\"elementor-widget-wrap elementor-element-populated\">\n\t\t\t\t\t\t<div class=\"elementor-element elementor-element-269870d elementor-widget elementor-widget-heading\" data-id=\"269870d\" data-element_type=\"widget\" data-widget_type=\"heading.default\">\n\t\t\t\t<div class=\"elementor-widget-container\">\n\t\t\t<h4 class=\"elementor-heading-title elementor-size-default\">Neumond Content Livecall <\/h4>\t\t<\/div>\n\t\t\t\t<\/div>\n\t\t\t\t<div class=\"elementor-element elementor-element-f200b93 elementor-widget__width-initial elementor-widget elementor-widget-video\" data-id=\"f200b93\" data-element_type=\"widget\" data-settings=\"{&quot;video_type&quot;:&quot;vimeo&quot;}\" data-widget_type=\"video.default\">\n\t\t\t\t<div class=\"elementor-widget-container\">\n\t\t\t\t\t<div class=\"elementor-wrapper elementor-open-inline\">\n\t\t\t<iframe hcb-fetch-image-from=\"https:\/\/vimeo.com\/1015378580?share=copy\" class=\"elementor-video-iframe\" allowfullscreen allow=\"clipboard-write\" title=\"vimeo Video Player\" src=\"https:\/\/player.vimeo.com\/video\/1015378580?color&amp;autopause=0&amp;loop=0&amp;muted=0&amp;title=1&amp;portrait=1&amp;byline=1#t=\"><\/iframe>\t\t<\/div>\n\t\t\t\t<\/div>\n\t\t\t\t<\/div>\n\t\t\t\t<div class=\"elementor-element elementor-element-6e4d5fd elementor-widget elementor-widget-spacer\" data-id=\"6e4d5fd\" data-element_type=\"widget\" data-widget_type=\"spacer.default\">\n\t\t\t\t<div class=\"elementor-widget-container\">\n\t\t\t\t\t<div class=\"elementor-spacer\">\n\t\t\t<div class=\"elementor-spacer-inner\"><\/div>\n\t\t<\/div>\n\t\t\t\t<\/div>\n\t\t\t\t<\/div>\n\t\t\t\t<div class=\"elementor-element elementor-element-a6389a3 elementor-align-center elementor-widget elementor-widget-button\" data-id=\"a6389a3\" data-element_type=\"widget\" data-widget_type=\"button.default\">\n\t\t\t\t<div class=\"elementor-widget-container\">\n\t\t\t\t\t<div class=\"elementor-button-wrapper\">\n\t\t\t<a class=\"elementor-button elementor-button-link elementor-size-sm\" href=\"https:\/\/www.facebook.com\/groups\/membershipinnercircle\/posts\/853382220215961\/\">\n\t\t\t\t\t\t<span class=\"elementor-button-content-wrapper\">\n\t\t\t\t\t\t\t\t\t<span class=\"elementor-button-text\">Mein Feedback in der Facebook-Gruppe geben<\/span>\n\t\t\t\t\t<\/span>\n\t\t\t\t\t<\/a>\n\t\t<\/div>\n\t\t\t\t<\/div>\n\t\t\t\t<\/div>\n\t\t\t\t<div class=\"elementor-element elementor-element-6593b46 elementor-widget elementor-widget-spacer\" data-id=\"6593b46\" data-element_type=\"widget\" data-widget_type=\"spacer.default\">\n\t\t\t\t<div class=\"elementor-widget-container\">\n\t\t\t\t\t<div class=\"elementor-spacer\">\n\t\t\t<div class=\"elementor-spacer-inner\"><\/div>\n\t\t<\/div>\n\t\t\t\t<\/div>\n\t\t\t\t<\/div>\n\t\t\t\t<div class=\"elementor-element elementor-element-8ac78d0 elementor-widget elementor-widget-heading\" data-id=\"8ac78d0\" data-element_type=\"widget\" data-widget_type=\"heading.default\">\n\t\t\t\t<div class=\"elementor-widget-container\">\n\t\t\t<h4 class=\"elementor-heading-title elementor-size-default\">Vollmond Energy Livecall <\/h4>\t\t<\/div>\n\t\t\t\t<\/div>\n\t\t\t\t<div class=\"elementor-element elementor-element-48c31af elementor-widget__width-initial elementor-widget elementor-widget-video\" data-id=\"48c31af\" data-element_type=\"widget\" data-settings=\"{&quot;video_type&quot;:&quot;vimeo&quot;}\" data-widget_type=\"video.default\">\n\t\t\t\t<div class=\"elementor-widget-container\">\n\t\t\t\t\t<div class=\"elementor-wrapper elementor-open-inline\">\n\t\t\t<iframe hcb-fetch-image-from=\"https:\/\/vimeo.com\/1020734742?share=copy\" class=\"elementor-video-iframe\" allowfullscreen allow=\"clipboard-write\" title=\"vimeo Video Player\" src=\"https:\/\/player.vimeo.com\/video\/1020734742?color&amp;autopause=0&amp;loop=0&amp;muted=0&amp;title=1&amp;portrait=1&amp;byline=1#t=\"><\/iframe>\t\t<\/div>\n\t\t\t\t<\/div>\n\t\t\t\t<\/div>\n\t\t\t\t<div class=\"elementor-element elementor-element-4275d7b elementor-widget elementor-widget-spacer\" data-id=\"4275d7b\" data-element_type=\"widget\" data-widget_type=\"spacer.default\">\n\t\t\t\t<div class=\"elementor-widget-container\">\n\t\t\t\t\t<div class=\"elementor-spacer\">\n\t\t\t<div class=\"elementor-spacer-inner\"><\/div>\n\t\t<\/div>\n\t\t\t\t<\/div>\n\t\t\t\t<\/div>\n\t\t\t\t<div class=\"elementor-element elementor-element-434a5f7 elementor-widget elementor-widget-heading\" data-id=\"434a5f7\" data-element_type=\"widget\" data-widget_type=\"heading.default\">\n\t\t\t\t<div class=\"elementor-widget-container\">\n\t\t\t<h4 class=\"elementor-heading-title elementor-size-default\">Impulse der Woche<\/h4>\t\t<\/div>\n\t\t\t\t<\/div>\n\t\t\t\t<div class=\"elementor-element elementor-element-036404a elementor-widget elementor-widget-spacer\" data-id=\"036404a\" data-element_type=\"widget\" data-widget_type=\"spacer.default\">\n\t\t\t\t<div class=\"elementor-widget-container\">\n\t\t\t\t\t<div class=\"elementor-spacer\">\n\t\t\t<div class=\"elementor-spacer-inner\"><\/div>\n\t\t<\/div>\n\t\t\t\t<\/div>\n\t\t\t\t<\/div>\n\t\t\t\t\t<\/div>\n\t\t<\/div>\n\t\t\t\t\t<\/div>\n\t\t<\/section>\n\t\t\t\t<\/div>","protected":false},"excerpt":{"rendered":"<p>Dein Inner Circle im Oktober Deine Quartalsplanung Willkommen im Oktober! Der Oktober ist da &#8211; und damit ist auch das letzte Quartal in 2024 angebrochen! Crazy, wie die Zeit vergeht, oder? Vielleicht bist du schon mit Jahres- und Quartalsplanung vertraut oder machst f\u00fcr dein bestehendes Business oder deinen ANgestelltenjob bereits monatliche Ziele aus. In der [&hellip;]<\/p>","protected":false},"author":1,"featured_media":0,"parent":0,"menu_order":0,"comment_status":"closed","ping_status":"closed","template":"elementor_header_footer","meta":{"footnotes":""},"class_list":["post-33647","page","type-page","status-publish","hentry"],"_links":{"self":[{"href":"https:\/\/businessmama-academy.com\/de\/wp-json\/wp\/v2\/pages\/33647","targetHints":{"allow":["GET"]}}],"collection":[{"href":"https:\/\/businessmama-academy.com\/de\/wp-json\/wp\/v2\/pages"}],"about":[{"href":"https:\/\/businessmama-academy.com\/de\/wp-json\/wp\/v2\/types\/page"}],"author":[{"embeddable":true,"href":"https:\/\/businessmama-academy.com\/de\/wp-json\/wp\/v2\/users\/1"}],"replies":[{"embeddable":true,"href":"https:\/\/businessmama-academy.com\/de\/wp-json\/wp\/v2\/comments?post=33647"}],"version-history":[{"count":10,"href":"https:\/\/businessmama-academy.com\/de\/wp-json\/wp\/v2\/pages\/33647\/revisions"}],"predecessor-version":[{"id":33705,"href":"https:\/\/businessmama-academy.com\/de\/wp-json\/wp\/v2\/pages\/33647\/revisions\/33705"}],"wp:attachment":[{"href":"https:\/\/businessmama-academy.com\/de\/wp-json\/wp\/v2\/media?parent=33647"}],"curies":[{"name":"wp","href":"https:\/\/api.w.org\/{rel}","templated":true}]}}