{"id":33481,"date":"2024-08-04T20:25:36","date_gmt":"2024-08-04T20:25:36","guid":{"rendered":"https:\/\/businessmama-academy.com\/?page_id=33481"},"modified":"2024-08-29T03:30:49","modified_gmt":"2024-08-29T03:30:49","slug":"inner-circle-2024-august","status":"publish","type":"page","link":"https:\/\/businessmama-academy.com\/de\/inner-circle-2024-august\/","title":{"rendered":"Inner Circle 2024 August"},"content":{"rendered":"<div data-elementor-type=\"wp-page\" data-elementor-id=\"33481\" class=\"elementor elementor-33481\">\n\t\t\t\t\t\t<section class=\"elementor-section elementor-top-section elementor-element elementor-element-e0b5cf6 elementor-section-full_width elementor-section-height-default elementor-section-height-default\" data-id=\"e0b5cf6\" data-element_type=\"section\" data-settings=\"{&quot;jet_parallax_layout_list&quot;:[]}\">\n\t\t\t\t\t\t<div class=\"elementor-container elementor-column-gap-default\">\n\t\t\t\t\t<div class=\"elementor-column elementor-col-100 elementor-top-column elementor-element elementor-element-643ec06\" data-id=\"643ec06\" data-element_type=\"column\" data-settings=\"{&quot;background_background&quot;:&quot;classic&quot;}\">\n\t\t\t<div class=\"elementor-widget-wrap elementor-element-populated\">\n\t\t\t\t\t<div class=\"elementor-background-overlay\"><\/div>\n\t\t\t\t\t\t<div class=\"elementor-element elementor-element-fd62728 gistesycls elementor-widget elementor-widget-heading\" data-id=\"fd62728\" data-element_type=\"widget\" data-widget_type=\"heading.default\">\n\t\t\t\t<div class=\"elementor-widget-container\">\n\t\t\t<h2 class=\"elementor-heading-title elementor-size-default\">Dein Inner Circle <br>im August<\/h2>\t\t<\/div>\n\t\t\t\t<\/div>\n\t\t\t\t<div class=\"elementor-element elementor-element-e786672 elementor-widget elementor-widget-heading\" data-id=\"e786672\" data-element_type=\"widget\" data-widget_type=\"heading.default\">\n\t\t\t\t<div class=\"elementor-widget-container\">\n\t\t\t<h5 class=\"elementor-heading-title elementor-size-default\">Urlaubszeit & Business - So kriegst du beides unter einen Hut!<\/h5>\t\t<\/div>\n\t\t\t\t<\/div>\n\t\t\t\t\t<\/div>\n\t\t<\/div>\n\t\t\t\t\t<\/div>\n\t\t<\/section>\n\t\t\t\t<section class=\"elementor-section elementor-top-section elementor-element elementor-element-4de6eee5 elementor-section-boxed elementor-section-height-default elementor-section-height-default\" data-id=\"4de6eee5\" data-element_type=\"section\" data-settings=\"{&quot;jet_parallax_layout_list&quot;:[]}\">\n\t\t\t\t\t\t<div class=\"elementor-container elementor-column-gap-default\">\n\t\t\t\t\t<div class=\"elementor-column elementor-col-100 elementor-top-column elementor-element elementor-element-2364d234\" data-id=\"2364d234\" data-element_type=\"column\">\n\t\t\t<div class=\"elementor-widget-wrap elementor-element-populated\">\n\t\t\t\t\t\t<div class=\"elementor-element elementor-element-37e6849 elementor-widget elementor-widget-spacer\" data-id=\"37e6849\" data-element_type=\"widget\" data-widget_type=\"spacer.default\">\n\t\t\t\t<div class=\"elementor-widget-container\">\n\t\t\t\t\t<div class=\"elementor-spacer\">\n\t\t\t<div class=\"elementor-spacer-inner\"><\/div>\n\t\t<\/div>\n\t\t\t\t<\/div>\n\t\t\t\t<\/div>\n\t\t\t\t<div class=\"elementor-element elementor-element-fd45afe gistesycls gistesyclssize elementor-widget elementor-widget-heading\" data-id=\"fd45afe\" data-element_type=\"widget\" data-widget_type=\"heading.default\">\n\t\t\t\t<div class=\"elementor-widget-container\">\n\t\t\t<h2 class=\"elementor-heading-title elementor-size-default\">Willkommen im neuen Monat August!<\/h2>\t\t<\/div>\n\t\t\t\t<\/div>\n\t\t\t\t\t<\/div>\n\t\t<\/div>\n\t\t\t\t\t<\/div>\n\t\t<\/section>\n\t\t\t\t<section class=\"elementor-section elementor-top-section elementor-element elementor-element-14e0f89 elementor-section-boxed elementor-section-height-default elementor-section-height-default\" data-id=\"14e0f89\" data-element_type=\"section\" data-settings=\"{&quot;jet_parallax_layout_list&quot;:[]}\">\n\t\t\t\t\t\t<div class=\"elementor-container elementor-column-gap-default\">\n\t\t\t\t\t<div class=\"elementor-column elementor-col-100 elementor-top-column elementor-element elementor-element-51f7aab\" data-id=\"51f7aab\" data-element_type=\"column\">\n\t\t\t<div class=\"elementor-widget-wrap elementor-element-populated\">\n\t\t\t\t\t\t<div class=\"elementor-element elementor-element-1e4860e elementor-widget elementor-widget-text-editor\" data-id=\"1e4860e\" data-element_type=\"widget\" data-widget_type=\"text-editor.default\">\n\t\t\t\t<div class=\"elementor-widget-container\">\n\t\t\t\t\t\t\tEs ist Sommer! Und damit Urlaubszeit. Nat\u00fcrlich wollen wir unsere Tage im Sommer lieber in der Sonne, am Wasser oder mit guten Freunden Drau\u00dfen verbringen. Nur ans eigene Business und die Arbeit denken wir oft seltener \ud83d\ude09 Bist du bereit meine drei Hebel f\u00fcr ein erfolgreiches Business w\u00e4hrend der Urlaubszeit zu erfahren? \n<br>\n<br>\n\n<strong>Als Selbstst\u00e4ndige darfst du dir nat\u00fcrlich gr\u00fcndlich Gedanken machen <\/strong>\n<br>\n<br>\n\n \t<li>wie du grunds\u00e4tzlich Urlaub in dein Business einbaust<\/li>\n \t<li>welche Aufgaben und To Do&#8217;s in dieser Zeit wegfallen und wie du deine Arbeitszeit minimieren kannst und gleichzeitig<\/li>\n \t<li>welche Aufgaben weiter bestehen oder was du umorganisieren m\u00f6chtest<\/li>\n<\/ul>\n\n<br>\n\n<strong>Denn nat\u00fcrlich darf dein Business auch w\u00e4hrend einer l\u00e4ngeren Auszeit weiterlaufen damit du nicht<\/strong>\n<br>\n<br>\n<ul>\n \t<li>dein Business vom Pool aus gegen die Wand f\u00e4hrst<\/li>\n \t<li>deine Ums\u00e4tze einbrechen und NeukundInnen ausbleiben<\/li>\n \t<li>du deine Community und lang erk\u00e4mpfte Reichweite auf Social Media einb\u00fc\u00dft und nach dem Urlaub dann das &#8220;Loch&#8221; kommt<\/li>\n<\/ul>\n<strong>Dabei sehen wir uns selbst oft im gr\u00f6\u00dften Dilemma<\/strong>\n\n<br>\n<br>\n \t<li>wir wollen uns komplett rausziehen und einfach die warme Jahreszeit genie\u00dfen<\/li>\n \t<li>gleichzeitig haben Freunde und Familie auch Erwartungen an uns wie wir uns im Urlaub zu verhalten haben und das wir eben nicht arbeiten und<\/li>\n \t<li>wir machen uns Sorgen ob unsere bisherigen Strategien \u00fcberhaupt weiter funktionieren im &#8220;Sommerloch&#8221; und was du dagegen tun kannst<\/li>\n<br>\n\nWas meine ich damit? Als Selbstst\u00e4ndige hast du dich zum Einen deinem Business gegen\u00fcber verpflichtet dass du alles tust damit es (weiterhin) floriert. Gleichzeitig bist du aber als Unternehmerin immer selbst deine eigene wichtigste Ressource und bist auch ein Commitment dir selbst gegen\u00fcber eingegangen. Und dann sind da noch deine Community und deine Kundinnen und dein eigener Anspruch sowie der deines Umfeldes. Wie dem allen gerecht werden?\n\nIch zeige dir heute Abend in unserem Livecall anhand intimer Einblicke\u00a0<em>behind the scenes<\/em>, wie ich mit Urlaubsphasen im Business umgehe, wie ich mich motiviere und wie ich mich darauf vorbereite damit es genauso klappt wie ich mir das w\u00fcnsche.\n\nEins verrate ich nur vorab: es geht ganz viel um bewusste Entscheidungen und innere Klarheit &#8211; wie so oft im Leben!\n\n<br>\n<br>\t\t\t\t\t\t<\/div>\n\t\t\t\t<\/div>\n\t\t\t\t<div class=\"elementor-element elementor-element-4a0ac4e gistesycls gistesyclssize elementor-widget elementor-widget-heading\" data-id=\"4a0ac4e\" data-element_type=\"widget\" data-widget_type=\"heading.default\">\n\t\t\t\t<div class=\"elementor-widget-container\">\n\t\t\t<h2 class=\"elementor-heading-title elementor-size-default\">Viel Spa\u00df, Deine Rosa!<\/h2>\t\t<\/div>\n\t\t\t\t<\/div>\n\t\t\t\t<div class=\"elementor-element elementor-element-fc2014d elementor-widget elementor-widget-spacer\" data-id=\"fc2014d\" data-element_type=\"widget\" data-widget_type=\"spacer.default\">\n\t\t\t\t<div class=\"elementor-widget-container\">\n\t\t\t\t\t<div class=\"elementor-spacer\">\n\t\t\t<div class=\"elementor-spacer-inner\"><\/div>\n\t\t<\/div>\n\t\t\t\t<\/div>\n\t\t\t\t<\/div>\n\t\t\t\t\t<\/div>\n\t\t<\/div>\n\t\t\t\t\t<\/div>\n\t\t<\/section>\n\t\t\t\t<section class=\"elementor-section elementor-top-section elementor-element elementor-element-dae9f53 elementor-section-boxed elementor-section-height-default elementor-section-height-default\" data-id=\"dae9f53\" data-element_type=\"section\" data-settings=\"{&quot;jet_parallax_layout_list&quot;:[]}\">\n\t\t\t\t\t\t<div class=\"elementor-container elementor-column-gap-default\">\n\t\t\t\t\t<div class=\"elementor-column elementor-col-100 elementor-top-column elementor-element elementor-element-4666d1f\" data-id=\"4666d1f\" data-element_type=\"column\">\n\t\t\t<div class=\"elementor-widget-wrap elementor-element-populated\">\n\t\t\t\t\t\t<div class=\"elementor-element elementor-element-269870d elementor-widget elementor-widget-heading\" data-id=\"269870d\" data-element_type=\"widget\" data-widget_type=\"heading.default\">\n\t\t\t\t<div class=\"elementor-widget-container\">\n\t\t\t<h4 class=\"elementor-heading-title elementor-size-default\">Neumond Content Livecall <\/h4>\t\t<\/div>\n\t\t\t\t<\/div>\n\t\t\t\t<div class=\"elementor-element elementor-element-f200b93 elementor-widget__width-initial elementor-widget elementor-widget-video\" data-id=\"f200b93\" data-element_type=\"widget\" data-settings=\"{&quot;video_type&quot;:&quot;vimeo&quot;}\" data-widget_type=\"video.default\">\n\t\t\t\t<div class=\"elementor-widget-container\">\n\t\t\t\t\t<div class=\"elementor-wrapper elementor-open-inline\">\n\t\t\t<iframe hcb-fetch-image-from=\"https:\/\/vimeo.com\/994820366?share=copy\" class=\"elementor-video-iframe\" allowfullscreen allow=\"clipboard-write\" title=\"vimeo Video Player\" src=\"https:\/\/player.vimeo.com\/video\/994820366?color&amp;autopause=0&amp;loop=0&amp;muted=0&amp;title=1&amp;portrait=1&amp;byline=1#t=\"><\/iframe>\t\t<\/div>\n\t\t\t\t<\/div>\n\t\t\t\t<\/div>\n\t\t\t\t<div class=\"elementor-element elementor-element-6e4d5fd elementor-widget elementor-widget-spacer\" data-id=\"6e4d5fd\" data-element_type=\"widget\" data-widget_type=\"spacer.default\">\n\t\t\t\t<div class=\"elementor-widget-container\">\n\t\t\t\t\t<div class=\"elementor-spacer\">\n\t\t\t<div class=\"elementor-spacer-inner\"><\/div>\n\t\t<\/div>\n\t\t\t\t<\/div>\n\t\t\t\t<\/div>\n\t\t\t\t<div class=\"elementor-element elementor-element-a6389a3 elementor-align-center elementor-widget elementor-widget-button\" data-id=\"a6389a3\" data-element_type=\"widget\" data-widget_type=\"button.default\">\n\t\t\t\t<div class=\"elementor-widget-container\">\n\t\t\t\t\t<div class=\"elementor-button-wrapper\">\n\t\t\t<a class=\"elementor-button elementor-button-link elementor-size-sm\" href=\"https:\/\/www.facebook.com\/groups\/membershipinnercircle\/posts\/815170567370460\/\">\n\t\t\t\t\t\t<span class=\"elementor-button-content-wrapper\">\n\t\t\t\t\t\t\t\t\t<span class=\"elementor-button-text\">Meine Frage  auf Facebook stellen<\/span>\n\t\t\t\t\t<\/span>\n\t\t\t\t\t<\/a>\n\t\t<\/div>\n\t\t\t\t<\/div>\n\t\t\t\t<\/div>\n\t\t\t\t<div class=\"elementor-element elementor-element-6593b46 elementor-widget elementor-widget-spacer\" data-id=\"6593b46\" data-element_type=\"widget\" data-widget_type=\"spacer.default\">\n\t\t\t\t<div class=\"elementor-widget-container\">\n\t\t\t\t\t<div class=\"elementor-spacer\">\n\t\t\t<div class=\"elementor-spacer-inner\"><\/div>\n\t\t<\/div>\n\t\t\t\t<\/div>\n\t\t\t\t<\/div>\n\t\t\t\t<div class=\"elementor-element elementor-element-8ac78d0 elementor-widget elementor-widget-heading\" data-id=\"8ac78d0\" data-element_type=\"widget\" data-widget_type=\"heading.default\">\n\t\t\t\t<div class=\"elementor-widget-container\">\n\t\t\t<h4 class=\"elementor-heading-title elementor-size-default\">Vollmond Energy Livecall <\/h4>\t\t<\/div>\n\t\t\t\t<\/div>\n\t\t\t\t<div class=\"elementor-element elementor-element-48c31af elementor-widget__width-initial elementor-widget elementor-widget-video\" data-id=\"48c31af\" data-element_type=\"widget\" data-settings=\"{&quot;video_type&quot;:&quot;vimeo&quot;}\" data-widget_type=\"video.default\">\n\t\t\t\t<div class=\"elementor-widget-container\">\n\t\t\t\t\t<div class=\"elementor-wrapper elementor-open-inline\">\n\t\t\t<iframe hcb-fetch-image-from=\"https:\/\/vimeo.com\/1003896130?share=copy\" class=\"elementor-video-iframe\" allowfullscreen allow=\"clipboard-write\" title=\"vimeo Video Player\" src=\"https:\/\/player.vimeo.com\/video\/1003896130?color&amp;autopause=0&amp;loop=0&amp;muted=0&amp;title=1&amp;portrait=1&amp;byline=1#t=\"><\/iframe>\t\t<\/div>\n\t\t\t\t<\/div>\n\t\t\t\t<\/div>\n\t\t\t\t<div class=\"elementor-element elementor-element-4275d7b elementor-widget elementor-widget-spacer\" data-id=\"4275d7b\" data-element_type=\"widget\" data-widget_type=\"spacer.default\">\n\t\t\t\t<div class=\"elementor-widget-container\">\n\t\t\t\t\t<div class=\"elementor-spacer\">\n\t\t\t<div class=\"elementor-spacer-inner\"><\/div>\n\t\t<\/div>\n\t\t\t\t<\/div>\n\t\t\t\t<\/div>\n\t\t\t\t<div class=\"elementor-element elementor-element-434a5f7 elementor-widget elementor-widget-heading\" data-id=\"434a5f7\" data-element_type=\"widget\" data-widget_type=\"heading.default\">\n\t\t\t\t<div class=\"elementor-widget-container\">\n\t\t\t<h4 class=\"elementor-heading-title elementor-size-default\">Impulse der Woche<\/h4>\t\t<\/div>\n\t\t\t\t<\/div>\n\t\t\t\t<div class=\"elementor-element elementor-element-036404a elementor-widget elementor-widget-spacer\" data-id=\"036404a\" data-element_type=\"widget\" data-widget_type=\"spacer.default\">\n\t\t\t\t<div class=\"elementor-widget-container\">\n\t\t\t\t\t<div class=\"elementor-spacer\">\n\t\t\t<div class=\"elementor-spacer-inner\"><\/div>\n\t\t<\/div>\n\t\t\t\t<\/div>\n\t\t\t\t<\/div>\n\t\t\t\t\t<\/div>\n\t\t<\/div>\n\t\t\t\t\t<\/div>\n\t\t<\/section>\n\t\t\t\t<\/div>","protected":false},"excerpt":{"rendered":"<p>Dein Inner Circle im August Urlaubszeit &#038; Business &#8211; So kriegst du beides unter einen Hut! Willkommen im neuen Monat August! Es ist Sommer! Und damit Urlaubszeit. Nat\u00fcrlich wollen wir unsere Tage im Sommer lieber in der Sonne, am Wasser oder mit guten Freunden Drau\u00dfen verbringen. Nur ans eigene Business und die Arbeit denken wir [&hellip;]<\/p>","protected":false},"author":1,"featured_media":0,"parent":0,"menu_order":0,"comment_status":"closed","ping_status":"closed","template":"elementor_header_footer","meta":{"footnotes":""},"class_list":["post-33481","page","type-page","status-publish","hentry"],"_links":{"self":[{"href":"https:\/\/businessmama-academy.com\/de\/wp-json\/wp\/v2\/pages\/33481","targetHints":{"allow":["GET"]}}],"collection":[{"href":"https:\/\/businessmama-academy.com\/de\/wp-json\/wp\/v2\/pages"}],"about":[{"href":"https:\/\/businessmama-academy.com\/de\/wp-json\/wp\/v2\/types\/page"}],"author":[{"embeddable":true,"href":"https:\/\/businessmama-academy.com\/de\/wp-json\/wp\/v2\/users\/1"}],"replies":[{"embeddable":true,"href":"https:\/\/businessmama-academy.com\/de\/wp-json\/wp\/v2\/comments?post=33481"}],"version-history":[{"count":10,"href":"https:\/\/businessmama-academy.com\/de\/wp-json\/wp\/v2\/pages\/33481\/revisions"}],"predecessor-version":[{"id":33540,"href":"https:\/\/businessmama-academy.com\/de\/wp-json\/wp\/v2\/pages\/33481\/revisions\/33540"}],"wp:attachment":[{"href":"https:\/\/businessmama-academy.com\/de\/wp-json\/wp\/v2\/media?parent=33481"}],"curies":[{"name":"wp","href":"https:\/\/api.w.org\/{rel}","templated":true}]}}