{"id":30823,"date":"2024-02-08T03:23:35","date_gmt":"2024-02-08T03:23:35","guid":{"rendered":"http:\/\/businessmama-academy.com\/?page_id=30823"},"modified":"2024-02-28T21:58:05","modified_gmt":"2024-02-28T21:58:05","slug":"inner-circle-2024-februar","status":"publish","type":"page","link":"https:\/\/businessmama-academy.com\/de\/inner-circle-2024-februar\/","title":{"rendered":"Inner Circle 2024 Februar"},"content":{"rendered":"<div data-elementor-type=\"wp-page\" data-elementor-id=\"30823\" class=\"elementor elementor-30823\">\n\t\t\t\t\t\t<section class=\"elementor-section elementor-top-section elementor-element elementor-element-e0b5cf6 elementor-section-full_width elementor-section-height-default elementor-section-height-default\" data-id=\"e0b5cf6\" data-element_type=\"section\" data-settings=\"{&quot;jet_parallax_layout_list&quot;:[]}\">\n\t\t\t\t\t\t<div class=\"elementor-container elementor-column-gap-default\">\n\t\t\t\t\t<div class=\"elementor-column elementor-col-100 elementor-top-column elementor-element elementor-element-643ec06\" data-id=\"643ec06\" data-element_type=\"column\" data-settings=\"{&quot;background_background&quot;:&quot;classic&quot;}\">\n\t\t\t<div class=\"elementor-widget-wrap elementor-element-populated\">\n\t\t\t\t\t<div class=\"elementor-background-overlay\"><\/div>\n\t\t\t\t\t\t<div class=\"elementor-element elementor-element-fd62728 gistesycls elementor-widget elementor-widget-heading\" data-id=\"fd62728\" data-element_type=\"widget\" data-widget_type=\"heading.default\">\n\t\t\t\t<div class=\"elementor-widget-container\">\n\t\t\t<h2 class=\"elementor-heading-title elementor-size-default\">Dein Inner Circle <br>im Februar<\/h2>\t\t<\/div>\n\t\t\t\t<\/div>\n\t\t\t\t<div class=\"elementor-element elementor-element-e786672 elementor-widget elementor-widget-heading\" data-id=\"e786672\" data-element_type=\"widget\" data-widget_type=\"heading.default\">\n\t\t\t\t<div class=\"elementor-widget-container\">\n\t\t\t<h5 class=\"elementor-heading-title elementor-size-default\">Klarheit f\u00fcr deinen Weg finden!<\/h5>\t\t<\/div>\n\t\t\t\t<\/div>\n\t\t\t\t\t<\/div>\n\t\t<\/div>\n\t\t\t\t\t<\/div>\n\t\t<\/section>\n\t\t\t\t<section class=\"elementor-section elementor-top-section elementor-element elementor-element-4de6eee5 elementor-section-boxed elementor-section-height-default elementor-section-height-default\" data-id=\"4de6eee5\" data-element_type=\"section\" data-settings=\"{&quot;jet_parallax_layout_list&quot;:[]}\">\n\t\t\t\t\t\t<div class=\"elementor-container elementor-column-gap-default\">\n\t\t\t\t\t<div class=\"elementor-column elementor-col-100 elementor-top-column elementor-element elementor-element-2364d234\" data-id=\"2364d234\" data-element_type=\"column\">\n\t\t\t<div class=\"elementor-widget-wrap elementor-element-populated\">\n\t\t\t\t\t\t<div class=\"elementor-element elementor-element-37e6849 elementor-widget elementor-widget-spacer\" data-id=\"37e6849\" data-element_type=\"widget\" data-widget_type=\"spacer.default\">\n\t\t\t\t<div class=\"elementor-widget-container\">\n\t\t\t\t\t<div class=\"elementor-spacer\">\n\t\t\t<div class=\"elementor-spacer-inner\"><\/div>\n\t\t<\/div>\n\t\t\t\t<\/div>\n\t\t\t\t<\/div>\n\t\t\t\t<div class=\"elementor-element elementor-element-fd45afe gistesycls gistesyclssize elementor-widget elementor-widget-heading\" data-id=\"fd45afe\" data-element_type=\"widget\" data-widget_type=\"heading.default\">\n\t\t\t\t<div class=\"elementor-widget-container\">\n\t\t\t<h2 class=\"elementor-heading-title elementor-size-default\">Willkommen im neuen Monat Februar!<\/h2>\t\t<\/div>\n\t\t\t\t<\/div>\n\t\t\t\t\t<\/div>\n\t\t<\/div>\n\t\t\t\t\t<\/div>\n\t\t<\/section>\n\t\t\t\t<section class=\"elementor-section elementor-top-section elementor-element elementor-element-14e0f89 elementor-section-boxed elementor-section-height-default elementor-section-height-default\" data-id=\"14e0f89\" data-element_type=\"section\" data-settings=\"{&quot;jet_parallax_layout_list&quot;:[]}\">\n\t\t\t\t\t\t<div class=\"elementor-container elementor-column-gap-default\">\n\t\t\t\t\t<div class=\"elementor-column elementor-col-100 elementor-top-column elementor-element elementor-element-51f7aab\" data-id=\"51f7aab\" data-element_type=\"column\">\n\t\t\t<div class=\"elementor-widget-wrap elementor-element-populated\">\n\t\t\t\t\t\t<div class=\"elementor-element elementor-element-1e4860e elementor-widget elementor-widget-text-editor\" data-id=\"1e4860e\" data-element_type=\"widget\" data-widget_type=\"text-editor.default\">\n\t\t\t\t<div class=\"elementor-widget-container\">\n\t\t\t\t\t\t\t<p>Diesen Monat widmen wir uns dem wundersch\u00f6nen Thema &#8220;Klarheit finden f\u00fcr deinen Weg&#8221;! Wie ich finde schliesst das wunderbar an an unsere Jahresplanung aus dem vorigen Monat denn wir alle sind jetzt eingeladen Klarheit f\u00fcr unseren Weg in 2024 zu finden und sowieso: Ich liebe Klarheit!<\/p><p>\u00a0<\/p><p>Doch wie gewinne ich sie? Oft sehnen wir uns nach einer klaren Anleitung, Struktur oder Vorgaben von Au\u00dfen. Nat\u00fcrlich darfst du dir die entsprechende Hilfe holen wenn du dich jetzt konkret fragst: Was sind meine n\u00e4chsten Schritte oder Wie setze ich sie gekonnt um? (Dann komm&#8217; gern ins Business-Mentoring in der Businessmama Academy).\u00a0<\/p><p>\u00a0<\/p><p>Lass&#8217; uns aber mal einen Punkt fr\u00fcher ansetzen, denn viel wichtiger als die von Au\u00dfen vorgegebene Anweisung oder der Step-by-Step Plan, die uns manchmal (Achtung!) auch wieder nur in eine bestimmte Strategie dr\u00fcckt oder uns verlockt den erfolgreichen Weg unseres Vorbildes nachzuahmen ist ja die Frage: Was will ICH wirklich? Was f\u00fchlt sich f\u00fcr mich stimmig an? Und ganz spannend auch: Will das nur mein Ego oder auch meine Seele?<\/p><p>\u00a0<\/p><p>Denn manchmal lassen wir uns blenden mit materiellem Wohlstand oder Erfolgsstories bekannter Branchengr\u00f6\u00dfen. Also lohnt es sich &#8211; bevor man monate- und jahrelange Arbeit reingesteckt hat und dann herausfindet dass es einen garnicht gl\u00fccklich macht &#8211; genau hinzuschauen wo der eigene Herzensweg entlanggeht. Genau das wollen wir uns diesen Monat gemeinsam genauer anschauen &#8211; ich freue mich auf den gemeinsamen Monat mit dir!<\/p>\t\t\t\t\t\t<\/div>\n\t\t\t\t<\/div>\n\t\t\t\t<div class=\"elementor-element elementor-element-4a0ac4e gistesycls gistesyclssize elementor-widget elementor-widget-heading\" data-id=\"4a0ac4e\" data-element_type=\"widget\" data-widget_type=\"heading.default\">\n\t\t\t\t<div class=\"elementor-widget-container\">\n\t\t\t<h2 class=\"elementor-heading-title elementor-size-default\">Deine Rosa!<\/h2>\t\t<\/div>\n\t\t\t\t<\/div>\n\t\t\t\t<div class=\"elementor-element elementor-element-fc2014d elementor-widget elementor-widget-spacer\" data-id=\"fc2014d\" data-element_type=\"widget\" data-widget_type=\"spacer.default\">\n\t\t\t\t<div class=\"elementor-widget-container\">\n\t\t\t\t\t<div class=\"elementor-spacer\">\n\t\t\t<div class=\"elementor-spacer-inner\"><\/div>\n\t\t<\/div>\n\t\t\t\t<\/div>\n\t\t\t\t<\/div>\n\t\t\t\t\t<\/div>\n\t\t<\/div>\n\t\t\t\t\t<\/div>\n\t\t<\/section>\n\t\t\t\t<section class=\"elementor-section elementor-top-section elementor-element elementor-element-267ecfa elementor-section-boxed elementor-section-height-default elementor-section-height-default\" data-id=\"267ecfa\" data-element_type=\"section\" data-settings=\"{&quot;jet_parallax_layout_list&quot;:[]}\">\n\t\t\t\t\t\t<div class=\"elementor-container elementor-column-gap-default\">\n\t\t\t\t\t<div class=\"elementor-column elementor-col-100 elementor-top-column elementor-element elementor-element-0d71cb0\" data-id=\"0d71cb0\" data-element_type=\"column\">\n\t\t\t<div class=\"elementor-widget-wrap elementor-element-populated\">\n\t\t\t\t\t\t<div class=\"elementor-element elementor-element-9545f76 elementor-widget elementor-widget-heading\" data-id=\"9545f76\" data-element_type=\"widget\" data-widget_type=\"heading.default\">\n\t\t\t\t<div class=\"elementor-widget-container\">\n\t\t\t<h4 class=\"elementor-heading-title elementor-size-default\">Neumond Livecall am 9.2.24<\/h4>\t\t<\/div>\n\t\t\t\t<\/div>\n\t\t\t\t<div class=\"elementor-element elementor-element-a0eafdf elementor-widget__width-initial elementor-widget elementor-widget-video\" data-id=\"a0eafdf\" data-element_type=\"widget\" data-settings=\"{&quot;video_type&quot;:&quot;vimeo&quot;}\" data-widget_type=\"video.default\">\n\t\t\t\t<div class=\"elementor-widget-container\">\n\t\t\t\t\t<div class=\"elementor-wrapper elementor-open-inline\">\n\t\t\t<iframe hcb-fetch-image-from=\"https:\/\/vimeo.com\/911697090?share=copy\" class=\"elementor-video-iframe\" allowfullscreen allow=\"clipboard-write\" title=\"vimeo Video Player\" src=\"https:\/\/player.vimeo.com\/video\/911697090?color&amp;autopause=0&amp;loop=0&amp;muted=0&amp;title=1&amp;portrait=1&amp;byline=1#t=\"><\/iframe>\t\t<\/div>\n\t\t\t\t<\/div>\n\t\t\t\t<\/div>\n\t\t\t\t<div class=\"elementor-element elementor-element-42aa818 elementor-widget elementor-widget-spacer\" data-id=\"42aa818\" data-element_type=\"widget\" data-widget_type=\"spacer.default\">\n\t\t\t\t<div class=\"elementor-widget-container\">\n\t\t\t\t\t<div class=\"elementor-spacer\">\n\t\t\t<div class=\"elementor-spacer-inner\"><\/div>\n\t\t<\/div>\n\t\t\t\t<\/div>\n\t\t\t\t<\/div>\n\t\t\t\t<div class=\"elementor-element elementor-element-79ff695 elementor-align-center elementor-widget elementor-widget-button\" data-id=\"79ff695\" data-element_type=\"widget\" data-widget_type=\"button.default\">\n\t\t\t\t<div class=\"elementor-widget-container\">\n\t\t\t\t\t<div class=\"elementor-button-wrapper\">\n\t\t\t<a class=\"elementor-button elementor-button-link elementor-size-lg\" href=\"http:\/\/businessmama-academy.com\/wp-content\/uploads\/2024\/02\/Workbook-Inner-Circle-Klarheit-finden.pdf\">\n\t\t\t\t\t\t<span class=\"elementor-button-content-wrapper\">\n\t\t\t\t\t\t\t\t\t<span class=\"elementor-button-text\">Workbook Klarheit finden<\/span>\n\t\t\t\t\t<\/span>\n\t\t\t\t\t<\/a>\n\t\t<\/div>\n\t\t\t\t<\/div>\n\t\t\t\t<\/div>\n\t\t\t\t<div class=\"elementor-element elementor-element-9a23178 elementor-widget elementor-widget-spacer\" data-id=\"9a23178\" data-element_type=\"widget\" data-widget_type=\"spacer.default\">\n\t\t\t\t<div class=\"elementor-widget-container\">\n\t\t\t\t\t<div class=\"elementor-spacer\">\n\t\t\t<div class=\"elementor-spacer-inner\"><\/div>\n\t\t<\/div>\n\t\t\t\t<\/div>\n\t\t\t\t<\/div>\n\t\t\t\t<div class=\"elementor-element elementor-element-630a300 elementor-widget elementor-widget-heading\" data-id=\"630a300\" data-element_type=\"widget\" data-widget_type=\"heading.default\">\n\t\t\t\t<div class=\"elementor-widget-container\">\n\t\t\t<h4 class=\"elementor-heading-title elementor-size-default\">Vollmond Livecall verschoben vom 28.2.24<\/h4>\t\t<\/div>\n\t\t\t\t<\/div>\n\t\t\t\t<div class=\"elementor-element elementor-element-28125f3 elementor-widget elementor-widget-spacer\" data-id=\"28125f3\" data-element_type=\"widget\" data-widget_type=\"spacer.default\">\n\t\t\t\t<div class=\"elementor-widget-container\">\n\t\t\t\t\t<div class=\"elementor-spacer\">\n\t\t\t<div class=\"elementor-spacer-inner\"><\/div>\n\t\t<\/div>\n\t\t\t\t<\/div>\n\t\t\t\t<\/div>\n\t\t\t\t<div class=\"elementor-element elementor-element-46fa0e3 elementor-widget__width-initial elementor-widget elementor-widget-video\" data-id=\"46fa0e3\" data-element_type=\"widget\" data-settings=\"{&quot;video_type&quot;:&quot;vimeo&quot;}\" data-widget_type=\"video.default\">\n\t\t\t\t<div class=\"elementor-widget-container\">\n\t\t\t\t\t<div class=\"elementor-wrapper elementor-open-inline\">\n\t\t\t<iframe hcb-fetch-image-from=\"https:\/\/vimeo.com\/917687012?share=copy\" class=\"elementor-video-iframe\" allowfullscreen allow=\"clipboard-write\" title=\"vimeo Video Player\" src=\"https:\/\/player.vimeo.com\/video\/917687012?color&amp;autopause=0&amp;loop=0&amp;muted=0&amp;title=1&amp;portrait=1&amp;byline=1#t=\"><\/iframe>\t\t<\/div>\n\t\t\t\t<\/div>\n\t\t\t\t<\/div>\n\t\t\t\t<div class=\"elementor-element elementor-element-555e723 elementor-widget elementor-widget-spacer\" data-id=\"555e723\" data-element_type=\"widget\" data-widget_type=\"spacer.default\">\n\t\t\t\t<div class=\"elementor-widget-container\">\n\t\t\t\t\t<div class=\"elementor-spacer\">\n\t\t\t<div class=\"elementor-spacer-inner\"><\/div>\n\t\t<\/div>\n\t\t\t\t<\/div>\n\t\t\t\t<\/div>\n\t\t\t\t\t<\/div>\n\t\t<\/div>\n\t\t\t\t\t<\/div>\n\t\t<\/section>\n\t\t\t\t<\/div>","protected":false},"excerpt":{"rendered":"<p>Dein Inner Circle im Februar Klarheit f\u00fcr deinen Weg finden! Willkommen im neuen Monat Februar! Diesen Monat widmen wir uns dem wundersch\u00f6nen Thema &#8220;Klarheit finden f\u00fcr deinen Weg&#8221;! Wie ich finde schliesst das wunderbar an an unsere Jahresplanung aus dem vorigen Monat denn wir alle sind jetzt eingeladen Klarheit f\u00fcr unseren Weg in 2024 zu [&hellip;]<\/p>","protected":false},"author":1,"featured_media":0,"parent":0,"menu_order":0,"comment_status":"closed","ping_status":"closed","template":"elementor_header_footer","meta":{"footnotes":""},"class_list":["post-30823","page","type-page","status-publish","hentry"],"_links":{"self":[{"href":"https:\/\/businessmama-academy.com\/de\/wp-json\/wp\/v2\/pages\/30823","targetHints":{"allow":["GET"]}}],"collection":[{"href":"https:\/\/businessmama-academy.com\/de\/wp-json\/wp\/v2\/pages"}],"about":[{"href":"https:\/\/businessmama-academy.com\/de\/wp-json\/wp\/v2\/types\/page"}],"author":[{"embeddable":true,"href":"https:\/\/businessmama-academy.com\/de\/wp-json\/wp\/v2\/users\/1"}],"replies":[{"embeddable":true,"href":"https:\/\/businessmama-academy.com\/de\/wp-json\/wp\/v2\/comments?post=30823"}],"version-history":[{"count":10,"href":"https:\/\/businessmama-academy.com\/de\/wp-json\/wp\/v2\/pages\/30823\/revisions"}],"predecessor-version":[{"id":31856,"href":"https:\/\/businessmama-academy.com\/de\/wp-json\/wp\/v2\/pages\/30823\/revisions\/31856"}],"wp:attachment":[{"href":"https:\/\/businessmama-academy.com\/de\/wp-json\/wp\/v2\/media?parent=30823"}],"curies":[{"name":"wp","href":"https:\/\/api.w.org\/{rel}","templated":true}]}}