{"id":27665,"date":"2023-09-22T12:04:29","date_gmt":"2023-09-22T12:04:29","guid":{"rendered":"http:\/\/businessmama-academy.com\/?page_id=27665"},"modified":"2024-02-13T05:34:40","modified_gmt":"2024-02-13T05:34:40","slug":"onboarding","status":"publish","type":"page","link":"https:\/\/businessmama-academy.com\/de\/onboarding\/","title":{"rendered":"MGB Onboarding"},"content":{"rendered":"<div data-elementor-type=\"wp-page\" data-elementor-id=\"27665\" class=\"elementor elementor-27665\">\n\t\t\t\t\t\t<section class=\"elementor-section elementor-top-section elementor-element elementor-element-3707894 elementor-section-boxed elementor-section-height-default elementor-section-height-default\" data-id=\"3707894\" data-element_type=\"section\" data-settings=\"{&quot;jet_parallax_layout_list&quot;:[],&quot;background_background&quot;:&quot;classic&quot;}\">\n\t\t\t\t\t\t\t<div class=\"elementor-background-overlay\"><\/div>\n\t\t\t\t\t\t\t<div class=\"elementor-container elementor-column-gap-default\">\n\t\t\t\t\t<div class=\"elementor-column elementor-col-100 elementor-top-column elementor-element elementor-element-ff7ddd3\" data-id=\"ff7ddd3\" data-element_type=\"column\">\n\t\t\t<div class=\"elementor-widget-wrap elementor-element-populated\">\n\t\t\t\t\t\t<div class=\"elementor-element elementor-element-6de21f4 gistesycls elementor-widget elementor-widget-heading\" data-id=\"6de21f4\" data-element_type=\"widget\" data-widget_type=\"heading.default\">\n\t\t\t\t<div class=\"elementor-widget-container\">\n\t\t\t<h2 class=\"elementor-heading-title elementor-size-default\">Onboarding<\/h2>\t\t<\/div>\n\t\t\t\t<\/div>\n\t\t\t\t<div class=\"elementor-element elementor-element-c4fc03f elementor-widget elementor-widget-heading\" data-id=\"c4fc03f\" data-element_type=\"widget\" data-widget_type=\"heading.default\">\n\t\t\t\t<div class=\"elementor-widget-container\">\n\t\t\t<h5 class=\"elementor-heading-title elementor-size-default\">Deine individuelle Zielsetzung f\u00fcrs Mentoring<\/h5>\t\t<\/div>\n\t\t\t\t<\/div>\n\t\t\t\t\t<\/div>\n\t\t<\/div>\n\t\t\t\t\t<\/div>\n\t\t<\/section>\n\t\t\t\t<section class=\"elementor-section elementor-top-section elementor-element elementor-element-8aedc73 zest-cls elementor-section-boxed elementor-section-height-default elementor-section-height-default\" data-id=\"8aedc73\" data-element_type=\"section\" data-settings=\"{&quot;jet_parallax_layout_list&quot;:[]}\">\n\t\t\t\t\t\t<div class=\"elementor-container elementor-column-gap-default\">\n\t\t\t\t\t<div class=\"elementor-column elementor-col-100 elementor-top-column elementor-element elementor-element-47e7cf3\" data-id=\"47e7cf3\" data-element_type=\"column\">\n\t\t\t<div class=\"elementor-widget-wrap elementor-element-populated\">\n\t\t\t\t\t\t<div class=\"elementor-element elementor-element-29de09c gistesycls gistesyclssize elementor-widget elementor-widget-heading\" data-id=\"29de09c\" data-element_type=\"widget\" data-widget_type=\"heading.default\">\n\t\t\t\t<div class=\"elementor-widget-container\">\n\t\t\t<h2 class=\"elementor-heading-title elementor-size-large\">Welcome aboard!<\/h2>\t\t<\/div>\n\t\t\t\t<\/div>\n\t\t\t\t<div class=\"elementor-element elementor-element-5a5e766 eln-cls elementor-widget elementor-widget-text-editor\" data-id=\"5a5e766\" data-element_type=\"widget\" data-widget_type=\"text-editor.default\">\n\t\t\t\t<div class=\"elementor-widget-container\">\n\t\t\t\t\t\t\t<p>Wie es sich f\u00fcr eine gute Reise geh\u00f6rt heissen wir dich hiermit offiziell herzlich Willkommen an Bord!<\/p><p>Bevor wir in See stechen und deine gro\u00dfe Reise beginnt lass&#8217; uns dich gemeinsam einchecken und die gemeinsame Reiseroute bestimmen!<\/p><p>Das bedeutet, dass du f\u00fcr uns beide nochmal deine W\u00fcnsche und deine individuellen Ziele formulierst und damit den Kurs vorgibst, wo du am Ende deines Abenteuers mit uns landen willst und wo dein gew\u00fcnschter Zielpunkt deiner Reise hier liegt. Damit wir gemeinsam maximale Klarheit \u00fcber die gemeinsame Route und die Meilensteine und Etappen auf deinem Weg dahin haben und wir dich wirklich optimal unterst\u00fctzen k\u00f6nnen. Let&#8217;s go!<\/p>\t\t\t\t\t\t<\/div>\n\t\t\t\t<\/div>\n\t\t\t\t<div class=\"elementor-element elementor-element-bdeb359 gistesycls gistesyclssize elementor-widget elementor-widget-heading\" data-id=\"bdeb359\" data-element_type=\"widget\" data-widget_type=\"heading.default\">\n\t\t\t\t<div class=\"elementor-widget-container\">\n\t\t\t<h2 class=\"elementor-heading-title elementor-size-default\">So sch\u00f6n, dass du dabei bist!\nDeine Rosa<\/h2>\t\t<\/div>\n\t\t\t\t<\/div>\n\t\t\t\t<div class=\"elementor-element elementor-element-e498ae5 elementor-widget elementor-widget-spacer\" data-id=\"e498ae5\" data-element_type=\"widget\" data-widget_type=\"spacer.default\">\n\t\t\t\t<div class=\"elementor-widget-container\">\n\t\t\t\t\t<div class=\"elementor-spacer\">\n\t\t\t<div class=\"elementor-spacer-inner\"><\/div>\n\t\t<\/div>\n\t\t\t\t<\/div>\n\t\t\t\t<\/div>\n\t\t\t\t<div class=\"elementor-element elementor-element-b7f7a29 elementor-widget__width-initial elementor-widget elementor-widget-video\" data-id=\"b7f7a29\" data-element_type=\"widget\" data-settings=\"{&quot;video_type&quot;:&quot;vimeo&quot;}\" data-widget_type=\"video.default\">\n\t\t\t\t<div class=\"elementor-widget-container\">\n\t\t\t\t\t<div class=\"elementor-wrapper elementor-open-inline\">\n\t\t\t<iframe hcb-fetch-image-from=\"https:\/\/vimeo.com\/867469743?share=copy\" class=\"elementor-video-iframe\" allowfullscreen allow=\"clipboard-write\" title=\"vimeo Video Player\" src=\"https:\/\/player.vimeo.com\/video\/867469743?color&amp;autopause=0&amp;loop=0&amp;muted=0&amp;title=1&amp;portrait=1&amp;byline=1#t=\"><\/iframe>\t\t<\/div>\n\t\t\t\t<\/div>\n\t\t\t\t<\/div>\n\t\t\t\t\t<\/div>\n\t\t<\/div>\n\t\t\t\t\t<\/div>\n\t\t<\/section>\n\t\t\t\t<section class=\"elementor-section elementor-top-section elementor-element elementor-element-d1911b8 elementor-section-boxed elementor-section-height-default elementor-section-height-default\" data-id=\"d1911b8\" data-element_type=\"section\" data-settings=\"{&quot;jet_parallax_layout_list&quot;:[]}\">\n\t\t\t\t\t\t<div class=\"elementor-container elementor-column-gap-default\">\n\t\t\t\t\t<div class=\"elementor-column elementor-col-100 elementor-top-column elementor-element elementor-element-fd8db8e\" data-id=\"fd8db8e\" data-element_type=\"column\">\n\t\t\t<div class=\"elementor-widget-wrap elementor-element-populated\">\n\t\t\t\t\t\t<div class=\"elementor-element elementor-element-164f24b elementor-align-center elementor-widget elementor-widget-button\" data-id=\"164f24b\" data-element_type=\"widget\" data-widget_type=\"button.default\">\n\t\t\t\t<div class=\"elementor-widget-container\">\n\t\t\t\t\t<div class=\"elementor-button-wrapper\">\n\t\t\t<a class=\"elementor-button elementor-button-link elementor-size-lg\" href=\"http:\/\/businessmama-academy.com\/wp-content\/uploads\/2023\/10\/0-Onboarding-Mama-goes-Business.pdf\">\n\t\t\t\t\t\t<span class=\"elementor-button-content-wrapper\">\n\t\t\t\t\t\t\t\t\t<span class=\"elementor-button-text\">Mein Onboarding Sheet ausf\u00fcllen<\/span>\n\t\t\t\t\t<\/span>\n\t\t\t\t\t<\/a>\n\t\t<\/div>\n\t\t\t\t<\/div>\n\t\t\t\t<\/div>\n\t\t\t\t<div class=\"elementor-element elementor-element-ccf0745 elementor-widget elementor-widget-text-editor\" data-id=\"ccf0745\" data-element_type=\"widget\" data-widget_type=\"text-editor.default\">\n\t\t\t\t<div class=\"elementor-widget-container\">\n\t\t\t\t\t\t\t<p>Bitte schicke dein ausgef\u00fclltes Onboarding Sheet an: hello@motherhood-meets-business.de<\/p>\t\t\t\t\t\t<\/div>\n\t\t\t\t<\/div>\n\t\t\t\t<div class=\"elementor-element elementor-element-677eec2 elementor-widget elementor-widget-spacer\" data-id=\"677eec2\" data-element_type=\"widget\" data-widget_type=\"spacer.default\">\n\t\t\t\t<div class=\"elementor-widget-container\">\n\t\t\t\t\t<div class=\"elementor-spacer\">\n\t\t\t<div class=\"elementor-spacer-inner\"><\/div>\n\t\t<\/div>\n\t\t\t\t<\/div>\n\t\t\t\t<\/div>\n\t\t\t\t<div class=\"elementor-element elementor-element-b2804ca elementor-widget elementor-widget-spacer\" data-id=\"b2804ca\" data-element_type=\"widget\" data-widget_type=\"spacer.default\">\n\t\t\t\t<div class=\"elementor-widget-container\">\n\t\t\t\t\t<div class=\"elementor-spacer\">\n\t\t\t<div class=\"elementor-spacer-inner\"><\/div>\n\t\t<\/div>\n\t\t\t\t<\/div>\n\t\t\t\t<\/div>\n\t\t\t\t\t<\/div>\n\t\t<\/div>\n\t\t\t\t\t<\/div>\n\t\t<\/section>\n\t\t\t\t<\/div>","protected":false},"excerpt":{"rendered":"<p>Onboarding Deine individuelle Zielsetzung f\u00fcrs Mentoring Welcome aboard! Wie es sich f\u00fcr eine gute Reise geh\u00f6rt heissen wir dich hiermit offiziell herzlich Willkommen an Bord! Bevor wir in See stechen und deine gro\u00dfe Reise beginnt lass&#8217; uns dich gemeinsam einchecken und die gemeinsame Reiseroute bestimmen! Das bedeutet, dass du f\u00fcr uns beide nochmal deine W\u00fcnsche [&hellip;]<\/p>","protected":false},"author":1,"featured_media":0,"parent":0,"menu_order":0,"comment_status":"closed","ping_status":"closed","template":"elementor_header_footer","meta":{"footnotes":""},"class_list":["post-27665","page","type-page","status-publish","hentry"],"_links":{"self":[{"href":"https:\/\/businessmama-academy.com\/de\/wp-json\/wp\/v2\/pages\/27665","targetHints":{"allow":["GET"]}}],"collection":[{"href":"https:\/\/businessmama-academy.com\/de\/wp-json\/wp\/v2\/pages"}],"about":[{"href":"https:\/\/businessmama-academy.com\/de\/wp-json\/wp\/v2\/types\/page"}],"author":[{"embeddable":true,"href":"https:\/\/businessmama-academy.com\/de\/wp-json\/wp\/v2\/users\/1"}],"replies":[{"embeddable":true,"href":"https:\/\/businessmama-academy.com\/de\/wp-json\/wp\/v2\/comments?post=27665"}],"version-history":[{"count":10,"href":"https:\/\/businessmama-academy.com\/de\/wp-json\/wp\/v2\/pages\/27665\/revisions"}],"predecessor-version":[{"id":31189,"href":"https:\/\/businessmama-academy.com\/de\/wp-json\/wp\/v2\/pages\/27665\/revisions\/31189"}],"wp:attachment":[{"href":"https:\/\/businessmama-academy.com\/de\/wp-json\/wp\/v2\/media?parent=27665"}],"curies":[{"name":"wp","href":"https:\/\/api.w.org\/{rel}","templated":true}]}}