{"id":26137,"date":"2023-05-01T10:59:54","date_gmt":"2023-05-01T10:59:54","guid":{"rendered":"http:\/\/businessmama-academy.com\/?page_id=26137"},"modified":"2024-02-13T20:58:14","modified_gmt":"2024-02-13T20:58:14","slug":"mai-2023","status":"publish","type":"page","link":"https:\/\/businessmama-academy.com\/de\/mai-2023\/","title":{"rendered":"Mai 2023"},"content":{"rendered":"<div data-elementor-type=\"wp-page\" data-elementor-id=\"26137\" class=\"elementor elementor-26137\">\n\t\t\t\t\t\t<section class=\"elementor-section elementor-top-section elementor-element elementor-element-9a37378 elementor-section-boxed elementor-section-height-default elementor-section-height-default\" data-id=\"9a37378\" data-element_type=\"section\" data-settings=\"{&quot;jet_parallax_layout_list&quot;:[],&quot;background_background&quot;:&quot;classic&quot;}\">\n\t\t\t\t\t\t\t<div class=\"elementor-background-overlay\"><\/div>\n\t\t\t\t\t\t\t<div class=\"elementor-container elementor-column-gap-default\">\n\t\t\t\t\t<div class=\"elementor-column elementor-col-100 elementor-top-column elementor-element elementor-element-df2c447\" data-id=\"df2c447\" data-element_type=\"column\">\n\t\t\t<div class=\"elementor-widget-wrap elementor-element-populated\">\n\t\t\t\t\t\t<div class=\"elementor-element elementor-element-67038c4 gistesycls elementor-widget elementor-widget-heading\" data-id=\"67038c4\" data-element_type=\"widget\" data-widget_type=\"heading.default\">\n\t\t\t\t<div class=\"elementor-widget-container\">\n\t\t\t<h2 class=\"elementor-heading-title elementor-size-default\">Dein Inner Circle im Mai<\/h2>\t\t<\/div>\n\t\t\t\t<\/div>\n\t\t\t\t<div class=\"elementor-element elementor-element-bda0740 elementor-widget elementor-widget-heading\" data-id=\"bda0740\" data-element_type=\"widget\" data-widget_type=\"heading.default\">\n\t\t\t\t<div class=\"elementor-widget-container\">\n\t\t\t<h5 class=\"elementor-heading-title elementor-size-default\">Fokusthema Manifestieren<\/h5>\t\t<\/div>\n\t\t\t\t<\/div>\n\t\t\t\t\t<\/div>\n\t\t<\/div>\n\t\t\t\t\t<\/div>\n\t\t<\/section>\n\t\t\t\t<section class=\"elementor-section elementor-top-section elementor-element elementor-element-ee292e9 elementor-section-boxed elementor-section-height-default elementor-section-height-default\" data-id=\"ee292e9\" data-element_type=\"section\" data-settings=\"{&quot;jet_parallax_layout_list&quot;:[]}\">\n\t\t\t\t\t\t<div class=\"elementor-container elementor-column-gap-default\">\n\t\t\t\t\t<div class=\"elementor-column elementor-col-100 elementor-top-column elementor-element elementor-element-7293c7e\" data-id=\"7293c7e\" data-element_type=\"column\">\n\t\t\t<div class=\"elementor-widget-wrap elementor-element-populated\">\n\t\t\t\t\t\t<div class=\"elementor-element elementor-element-9da79b1 elementor-widget__width-auto elementor-widget elementor-widget-text-editor\" data-id=\"9da79b1\" data-element_type=\"widget\" data-widget_type=\"text-editor.default\">\n\t\t\t\t<div class=\"elementor-widget-container\">\n\t\t\t\t\t\t\t<p>In unserem ersten gemeinsamen Monat dem Mai widmen wir dem Thema \u201ebewusst Manifestieren lernen\u201c. Manifestieren ist ein absolut grundlegend wichtiges Thema, wenn wir uns als kreative Sch\u00f6pferinnen unserer eigenen Realit\u00e4t begreifen wollen, unserem Opfermodus eine Absage erteilen und nicht l\u00e4nger Spielball \u00e4u\u00dferer Umst\u00e4nde sein wollen.<\/p><p>Erschaffen als \u201eAbbild Gottes\u201c kreieren wir alle unsere \u00e4u\u00dfere Welt als Resultat unserer inneren Welt. Das passiert \u00fcber unsere Gedanken, Gef\u00fchle und letztendlich ausf\u00fchrenden Handlungen, die unsere Energie in manifeste Form bringen. Entscheidend dabei ist immer unsere energetische Frequenz und die Reinheit unserer Manifestation. Oft liegen unserer gewollten Manifestation st\u00f6rende Glaubenss\u00e4tze oder Blockaden zugrunde, weshalb wir dann im Au\u00dfen etwas ganz anderes Manifestieren als das, was wir eigentlich vom Kopf her wollen.<\/p><p>Deshalb lernst du hier, wie bewusstes Manifestieren in Verbindung mit der ewigen Quelle bzw. dem Feld unendlichen Potentials funktioniert, wie du die Reinheit deiner energetischen Frequenz und damit das Endergebnis, das du dir w\u00fcnscht, anziehst und welche konkreten Schritte du tun darfst um ganz bewusst die Dinge in deinem Leben zu Manifestieren, die du wirklich haben\/sein\/erleben m\u00f6chtest.<\/p>\t\t\t\t\t\t<\/div>\n\t\t\t\t<\/div>\n\t\t\t\t<div class=\"elementor-element elementor-element-cda4e83 elementor-widget elementor-widget-heading\" data-id=\"cda4e83\" data-element_type=\"widget\" data-widget_type=\"heading.default\">\n\t\t\t\t<div class=\"elementor-widget-container\">\n\t\t\t<h3 class=\"elementor-heading-title elementor-size-default\">Aufzeichnung vom Vollmond-Energy-Call am 5.5.2023<\/h3>\t\t<\/div>\n\t\t\t\t<\/div>\n\t\t\t\t\t<\/div>\n\t\t<\/div>\n\t\t\t\t\t<\/div>\n\t\t<\/section>\n\t\t\t\t<section class=\"elementor-section elementor-top-section elementor-element elementor-element-3a0762f elementor-section-boxed elementor-section-height-default elementor-section-height-default\" data-id=\"3a0762f\" data-element_type=\"section\" data-settings=\"{&quot;jet_parallax_layout_list&quot;:[]}\">\n\t\t\t\t\t\t<div class=\"elementor-container elementor-column-gap-default\">\n\t\t\t\t\t<div class=\"elementor-column elementor-col-100 elementor-top-column elementor-element elementor-element-69df56b\" data-id=\"69df56b\" data-element_type=\"column\">\n\t\t\t<div class=\"elementor-widget-wrap elementor-element-populated\">\n\t\t\t\t\t\t<div class=\"elementor-element elementor-element-6bf2752 elementor-widget__width-initial elementor-widget elementor-widget-video\" data-id=\"6bf2752\" data-element_type=\"widget\" data-settings=\"{&quot;video_type&quot;:&quot;vimeo&quot;}\" data-widget_type=\"video.default\">\n\t\t\t\t<div class=\"elementor-widget-container\">\n\t\t\t\t\t<div class=\"elementor-wrapper elementor-open-inline\">\n\t\t\t<iframe hcb-fetch-image-from=\"https:\/\/player.vimeo.com\/video\/824888530?h=4619b7ee1e\" class=\"elementor-video-iframe\" allowfullscreen allow=\"clipboard-write\" title=\"vimeo Video Player\" src=\"https:\/\/player.vimeo.com\/video\/824888530?color&amp;autopause=0&amp;loop=0&amp;muted=0&amp;title=1&amp;portrait=1&amp;byline=1&amp;h=4619b7ee1e#t=\"><\/iframe>\t\t<\/div>\n\t\t\t\t<\/div>\n\t\t\t\t<\/div>\n\t\t\t\t\t<\/div>\n\t\t<\/div>\n\t\t\t\t\t<\/div>\n\t\t<\/section>\n\t\t\t\t<section class=\"elementor-section elementor-top-section elementor-element elementor-element-031c8b8 elementor-section-boxed elementor-section-height-default elementor-section-height-default\" data-id=\"031c8b8\" data-element_type=\"section\" data-settings=\"{&quot;jet_parallax_layout_list&quot;:[]}\">\n\t\t\t\t\t\t<div class=\"elementor-container elementor-column-gap-default\">\n\t\t\t\t\t<div class=\"elementor-column elementor-col-100 elementor-top-column elementor-element elementor-element-fc23086\" data-id=\"fc23086\" data-element_type=\"column\">\n\t\t\t<div class=\"elementor-widget-wrap elementor-element-populated\">\n\t\t\t\t\t\t<div class=\"elementor-element elementor-element-b6e74e4 elementor-widget elementor-widget-text-editor\" data-id=\"b6e74e4\" data-element_type=\"widget\" data-widget_type=\"text-editor.default\">\n\t\t\t\t<div class=\"elementor-widget-container\">\n\t\t\t\t\t\t\t<h3 style=\"background-color: #ffffff; font-size: 18px; color: #000000; font-family: Poppins, sans-serif; text-align: center;\" data-elementor-setting-key=\"title\" data-pen-placeholder=\"Type Here...\">Aufzeichnung vom Neumond Content-Call am 19.5.23\u00a0<\/h3>\t\t\t\t\t\t<\/div>\n\t\t\t\t<\/div>\n\t\t\t\t<div class=\"elementor-element elementor-element-c8ae4e7 elementor-widget__width-initial elementor-widget elementor-widget-video\" data-id=\"c8ae4e7\" data-element_type=\"widget\" data-settings=\"{&quot;video_type&quot;:&quot;vimeo&quot;}\" data-widget_type=\"video.default\">\n\t\t\t\t<div class=\"elementor-widget-container\">\n\t\t\t\t\t<div class=\"elementor-wrapper elementor-open-inline\">\n\t\t\t<iframe hcb-fetch-image-from=\"https:\/\/vimeo.com\/829184571?share=copy\" class=\"elementor-video-iframe\" allowfullscreen allow=\"clipboard-write\" title=\"vimeo Video Player\" src=\"https:\/\/player.vimeo.com\/video\/829184571?color&amp;autopause=0&amp;loop=0&amp;muted=0&amp;title=1&amp;portrait=1&amp;byline=1#t=\"><\/iframe>\t\t<\/div>\n\t\t\t\t<\/div>\n\t\t\t\t<\/div>\n\t\t\t\t<div class=\"elementor-element elementor-element-f8b73a1 elementor-widget elementor-widget-spacer\" data-id=\"f8b73a1\" data-element_type=\"widget\" data-widget_type=\"spacer.default\">\n\t\t\t\t<div class=\"elementor-widget-container\">\n\t\t\t\t\t<div class=\"elementor-spacer\">\n\t\t\t<div class=\"elementor-spacer-inner\"><\/div>\n\t\t<\/div>\n\t\t\t\t<\/div>\n\t\t\t\t<\/div>\n\t\t\t\t<div class=\"elementor-element elementor-element-c0268a5 elementor-widget elementor-widget-text-editor\" data-id=\"c0268a5\" data-element_type=\"widget\" data-widget_type=\"text-editor.default\">\n\t\t\t\t<div class=\"elementor-widget-container\">\n\t\t\t\t\t\t\t<h3 style=\"background-color: #ffffff; font-size: 18px; color: #000000; font-family: Poppins, sans-serif; text-align: center;\" data-elementor-setting-key=\"title\" data-pen-placeholder=\"Type Here...\">Dein Handy Wallpaper\u00a0<\/h3>\t\t\t\t\t\t<\/div>\n\t\t\t\t<\/div>\n\t\t\t\t\t<\/div>\n\t\t<\/div>\n\t\t\t\t\t<\/div>\n\t\t<\/section>\n\t\t\t\t<section class=\"elementor-section elementor-top-section elementor-element elementor-element-30a0e06 elementor-section-boxed elementor-section-height-default elementor-section-height-default\" data-id=\"30a0e06\" data-element_type=\"section\" data-settings=\"{&quot;jet_parallax_layout_list&quot;:[]}\">\n\t\t\t\t\t\t<div class=\"elementor-container elementor-column-gap-default\">\n\t\t\t\t\t<div class=\"elementor-column elementor-col-50 elementor-top-column elementor-element elementor-element-a4db0ec\" data-id=\"a4db0ec\" data-element_type=\"column\">\n\t\t\t<div class=\"elementor-widget-wrap elementor-element-populated\">\n\t\t\t\t\t\t<div class=\"elementor-element elementor-element-f4da33c elementor-widget elementor-widget-image\" data-id=\"f4da33c\" data-element_type=\"widget\" data-widget_type=\"image.default\">\n\t\t\t\t<div class=\"elementor-widget-container\">\n\t\t\t\t\t\t\t\t\t\t\t\t\t\t<a href=\"http:\/\/businessmama-academy.com\/wp-content\/uploads\/2023\/05\/1.png\" data-elementor-open-lightbox=\"yes\" data-elementor-lightbox-title=\"Phone Wallpaper May\" data-e-action-hash=\"#elementor-action%3Aaction%3Dlightbox%26settings%3DeyJpZCI6MjYzOTMsInVybCI6Imh0dHBzOlwvXC9idXNpbmVzc21hbWEtYWNhZGVteS5jb21cL3dwLWNvbnRlbnRcL3VwbG9hZHNcLzIwMjNcLzA1XC8xLnBuZyJ9\">\n\t\t\t\t\t\t\t<img fetchpriority=\"high\" decoding=\"async\" width=\"169\" height=\"300\" src=\"https:\/\/businessmama-academy.com\/wp-content\/uploads\/2023\/05\/1-169x300.png\" class=\"attachment-medium size-medium wp-image-26393\" alt=\"Phone Wallpaper May\" srcset=\"https:\/\/businessmama-academy.com\/wp-content\/uploads\/2023\/05\/1-169x300.png 169w, https:\/\/businessmama-academy.com\/wp-content\/uploads\/2023\/05\/1-576x1024.png 576w, https:\/\/businessmama-academy.com\/wp-content\/uploads\/2023\/05\/1-768x1365.png 768w, https:\/\/businessmama-academy.com\/wp-content\/uploads\/2023\/05\/1-864x1536.png 864w, https:\/\/businessmama-academy.com\/wp-content\/uploads\/2023\/05\/1-7x12.png 7w, https:\/\/businessmama-academy.com\/wp-content\/uploads\/2023\/05\/1-750x1333.png 750w, https:\/\/businessmama-academy.com\/wp-content\/uploads\/2023\/05\/1-540x960.png 540w, https:\/\/businessmama-academy.com\/wp-content\/uploads\/2023\/05\/1-1000x1778.png 1000w, https:\/\/businessmama-academy.com\/wp-content\/uploads\/2023\/05\/1.png 1080w, https:\/\/businessmama-academy.com\/wp-content\/uploads\/2023\/05\/elementor\/thumbs\/1-q6ijp75y417umcaqz5xzqu4jiv2psl8dxrouik9tog.png 108w, https:\/\/businessmama-academy.com\/wp-content\/uploads\/2023\/05\/elementor\/thumbs\/1-q6ijp75zfebocivkzhrpzrrzd7x7f15yh19euyo7b4.png 216w\" sizes=\"(max-width: 169px) 100vw, 169px\" \/>\t\t\t\t\t\t\t\t<\/a>\n\t\t\t\t\t\t\t\t\t\t\t\t\t<\/div>\n\t\t\t\t<\/div>\n\t\t\t\t\t<\/div>\n\t\t<\/div>\n\t\t\t\t<div class=\"elementor-column elementor-col-50 elementor-top-column elementor-element elementor-element-9ded4dc\" data-id=\"9ded4dc\" data-element_type=\"column\">\n\t\t\t<div class=\"elementor-widget-wrap elementor-element-populated\">\n\t\t\t\t\t\t<div class=\"elementor-element elementor-element-630fd23 elementor-widget elementor-widget-image\" data-id=\"630fd23\" data-element_type=\"widget\" data-widget_type=\"image.default\">\n\t\t\t\t<div class=\"elementor-widget-container\">\n\t\t\t\t\t\t\t\t\t\t\t\t\t\t<a href=\"http:\/\/businessmama-academy.com\/wp-content\/uploads\/2023\/05\/2.png\" data-elementor-open-lightbox=\"yes\" data-elementor-lightbox-title=\"2\" data-e-action-hash=\"#elementor-action%3Aaction%3Dlightbox%26settings%3DeyJpZCI6MjY0MTAsInVybCI6Imh0dHBzOlwvXC9idXNpbmVzc21hbWEtYWNhZGVteS5jb21cL3dwLWNvbnRlbnRcL3VwbG9hZHNcLzIwMjNcLzA1XC8yLnBuZyJ9\">\n\t\t\t\t\t\t\t<img decoding=\"async\" width=\"169\" height=\"300\" src=\"https:\/\/businessmama-academy.com\/wp-content\/uploads\/2023\/05\/2-169x300.png\" class=\"attachment-medium size-medium wp-image-26410\" alt=\"\" srcset=\"https:\/\/businessmama-academy.com\/wp-content\/uploads\/2023\/05\/2-169x300.png 169w, https:\/\/businessmama-academy.com\/wp-content\/uploads\/2023\/05\/2-576x1024.png 576w, https:\/\/businessmama-academy.com\/wp-content\/uploads\/2023\/05\/2-768x1365.png 768w, https:\/\/businessmama-academy.com\/wp-content\/uploads\/2023\/05\/2-864x1536.png 864w, https:\/\/businessmama-academy.com\/wp-content\/uploads\/2023\/05\/2-7x12.png 7w, https:\/\/businessmama-academy.com\/wp-content\/uploads\/2023\/05\/2-750x1333.png 750w, https:\/\/businessmama-academy.com\/wp-content\/uploads\/2023\/05\/2-540x960.png 540w, https:\/\/businessmama-academy.com\/wp-content\/uploads\/2023\/05\/2-1000x1778.png 1000w, https:\/\/businessmama-academy.com\/wp-content\/uploads\/2023\/05\/2.png 1080w\" sizes=\"(max-width: 169px) 100vw, 169px\" \/>\t\t\t\t\t\t\t\t<\/a>\n\t\t\t\t\t\t\t\t\t\t\t\t\t<\/div>\n\t\t\t\t<\/div>\n\t\t\t\t\t<\/div>\n\t\t<\/div>\n\t\t\t\t\t<\/div>\n\t\t<\/section>\n\t\t\t\t<section class=\"elementor-section elementor-top-section elementor-element elementor-element-1a0dc27 elementor-section-boxed elementor-section-height-default elementor-section-height-default\" data-id=\"1a0dc27\" data-element_type=\"section\" data-settings=\"{&quot;jet_parallax_layout_list&quot;:[]}\">\n\t\t\t\t\t\t<div class=\"elementor-container elementor-column-gap-default\">\n\t\t\t\t\t<div class=\"elementor-column elementor-col-100 elementor-top-column elementor-element elementor-element-14386e4\" data-id=\"14386e4\" data-element_type=\"column\">\n\t\t\t<div class=\"elementor-widget-wrap elementor-element-populated\">\n\t\t\t\t\t\t<div class=\"elementor-element elementor-element-0cd7320 elementor-widget elementor-widget-spacer\" data-id=\"0cd7320\" data-element_type=\"widget\" data-widget_type=\"spacer.default\">\n\t\t\t\t<div class=\"elementor-widget-container\">\n\t\t\t\t\t<div class=\"elementor-spacer\">\n\t\t\t<div class=\"elementor-spacer-inner\"><\/div>\n\t\t<\/div>\n\t\t\t\t<\/div>\n\t\t\t\t<\/div>\n\t\t\t\t<div class=\"elementor-element elementor-element-f16e35d elementor-widget elementor-widget-text-editor\" data-id=\"f16e35d\" data-element_type=\"widget\" data-widget_type=\"text-editor.default\">\n\t\t\t\t<div class=\"elementor-widget-container\">\n\t\t\t\t\t\t\t<h3 style=\"background-color: #ffffff; font-size: 18px; color: #000000; font-family: Poppins, sans-serif; text-align: center;\" data-elementor-setting-key=\"title\" data-pen-placeholder=\"Type Here...\">Impuls der Woche<\/h3>\t\t\t\t\t\t<\/div>\n\t\t\t\t<\/div>\n\t\t\t\t<section class=\"elementor-section elementor-inner-section elementor-element elementor-element-4f1074f impul-cls elementor-section-boxed elementor-section-height-default elementor-section-height-default\" data-id=\"4f1074f\" data-element_type=\"section\" data-settings=\"{&quot;jet_parallax_layout_list&quot;:[]}\">\n\t\t\t\t\t\t<div class=\"elementor-container elementor-column-gap-default\">\n\t\t\t\t\t<div class=\"elementor-column elementor-col-50 elementor-inner-column elementor-element elementor-element-6b4f9ba\" data-id=\"6b4f9ba\" data-element_type=\"column\">\n\t\t\t<div class=\"elementor-widget-wrap elementor-element-populated\">\n\t\t\t\t\t\t<div class=\"elementor-element elementor-element-c116318 elementor-widget__width-initial elementor-widget elementor-widget-video\" data-id=\"c116318\" data-element_type=\"widget\" data-settings=\"{&quot;video_type&quot;:&quot;hosted&quot;,&quot;controls&quot;:&quot;yes&quot;}\" data-widget_type=\"video.default\">\n\t\t\t\t<div class=\"elementor-widget-container\">\n\t\t\t\t\t<div class=\"e-hosted-video elementor-wrapper elementor-open-inline\">\n\t\t\t\t\t<video class=\"elementor-video\" src=\"http:\/\/businessmama-academy.com\/wp-content\/uploads\/2023\/05\/Impuls-der-Woche-zum-Monatsthema-Manifestieren.mp3\" controls=\"\" preload=\"metadata\" controlslist=\"nodownload\"><\/video>\n\t\t\t\t<\/div>\n\t\t\t\t<\/div>\n\t\t\t\t<\/div>\n\t\t\t\t\t<\/div>\n\t\t<\/div>\n\t\t\t\t<div class=\"elementor-column elementor-col-50 elementor-inner-column elementor-element elementor-element-f04f5cf\" data-id=\"f04f5cf\" data-element_type=\"column\">\n\t\t\t<div class=\"elementor-widget-wrap elementor-element-populated\">\n\t\t\t\t\t\t<div class=\"elementor-element elementor-element-2feff54 elementor-widget__width-initial elementor-widget elementor-widget-video\" data-id=\"2feff54\" data-element_type=\"widget\" data-settings=\"{&quot;video_type&quot;:&quot;hosted&quot;,&quot;controls&quot;:&quot;yes&quot;}\" data-widget_type=\"video.default\">\n\t\t\t\t<div class=\"elementor-widget-container\">\n\t\t\t\t\t<div class=\"e-hosted-video elementor-wrapper elementor-open-inline\">\n\t\t\t\t\t<video class=\"elementor-video\" src=\"http:\/\/businessmama-academy.com\/wp-content\/uploads\/2023\/05\/Impuls-der-Woche-Manifestieren-2.mp3\" controls=\"\" preload=\"metadata\" controlslist=\"nodownload\"><\/video>\n\t\t\t\t<\/div>\n\t\t\t\t<\/div>\n\t\t\t\t<\/div>\n\t\t\t\t\t<\/div>\n\t\t<\/div>\n\t\t\t\t\t<\/div>\n\t\t<\/section>\n\t\t\t\t<div class=\"elementor-element elementor-element-d1a5977 elementor-widget elementor-widget-spacer\" data-id=\"d1a5977\" data-element_type=\"widget\" data-widget_type=\"spacer.default\">\n\t\t\t\t<div class=\"elementor-widget-container\">\n\t\t\t\t\t<div class=\"elementor-spacer\">\n\t\t\t<div class=\"elementor-spacer-inner\"><\/div>\n\t\t<\/div>\n\t\t\t\t<\/div>\n\t\t\t\t<\/div>\n\t\t\t\t\t<\/div>\n\t\t<\/div>\n\t\t\t\t\t<\/div>\n\t\t<\/section>\n\t\t\t\t<\/div>","protected":false},"excerpt":{"rendered":"<p>Dein Inner Circle im Mai Fokusthema Manifestieren In unserem ersten gemeinsamen Monat dem Mai widmen wir dem Thema \u201ebewusst Manifestieren lernen\u201c. Manifestieren ist ein absolut grundlegend wichtiges Thema, wenn wir uns als kreative Sch\u00f6pferinnen unserer eigenen Realit\u00e4t begreifen wollen, unserem Opfermodus eine Absage erteilen und nicht l\u00e4nger Spielball \u00e4u\u00dferer Umst\u00e4nde sein wollen. Erschaffen als \u201eAbbild [&hellip;]<\/p>","protected":false},"author":1,"featured_media":0,"parent":0,"menu_order":0,"comment_status":"closed","ping_status":"closed","template":"elementor_header_footer","meta":{"footnotes":""},"class_list":["post-26137","page","type-page","status-publish","hentry"],"_links":{"self":[{"href":"https:\/\/businessmama-academy.com\/de\/wp-json\/wp\/v2\/pages\/26137","targetHints":{"allow":["GET"]}}],"collection":[{"href":"https:\/\/businessmama-academy.com\/de\/wp-json\/wp\/v2\/pages"}],"about":[{"href":"https:\/\/businessmama-academy.com\/de\/wp-json\/wp\/v2\/types\/page"}],"author":[{"embeddable":true,"href":"https:\/\/businessmama-academy.com\/de\/wp-json\/wp\/v2\/users\/1"}],"replies":[{"embeddable":true,"href":"https:\/\/businessmama-academy.com\/de\/wp-json\/wp\/v2\/comments?post=26137"}],"version-history":[{"count":10,"href":"https:\/\/businessmama-academy.com\/de\/wp-json\/wp\/v2\/pages\/26137\/revisions"}],"predecessor-version":[{"id":31270,"href":"https:\/\/businessmama-academy.com\/de\/wp-json\/wp\/v2\/pages\/26137\/revisions\/31270"}],"wp:attachment":[{"href":"https:\/\/businessmama-academy.com\/de\/wp-json\/wp\/v2\/media?parent=26137"}],"curies":[{"name":"wp","href":"https:\/\/api.w.org\/{rel}","templated":true}]}}